{"id":2002485,"date":"2025-02-12T07:46:07","date_gmt":"2025-02-12T06:46:07","guid":{"rendered":"https:\/\/saluxe.eu\/?page_id=2002485"},"modified":"2026-03-31T15:17:57","modified_gmt":"2026-03-31T13:17:57","slug":"o-nas","status":"publish","type":"page","link":"https:\/\/saluxe.eu\/sl\/o-nas\/","title":{"rendered":"O nas"},"content":{"rendered":"\n<h1 class=\"saluxe-h1\">Spoznajte strokovnjake iz Saluxe za ametistove geode<\/h1>\n\n\n\n<div class=\"wp-block-wd-section wd-aefd9bb6\">\n<div class=\"wp-block-wd-row wd-061b7f9f wd-custom-width\">\n<div class=\"wp-block-wd-column wd-align-is-lg-center wd-align wd-8328f59f\">\n<h2 class=\"wp-block-wd-title title wd-29a68c31\">Ametist.<br>Izbran z namenom.<\/h2>\n<\/div>\n<\/div>\n<\/div>\n\n\n\n<div class=\"wp-block-wd-row wd-f5d59f92\">\n<div class=\"wp-block-wd-column wd-align-is-lg-center wd-7987a277\">\n<div class=\"wp-block-wd-image wd-block-image wd-02b7ed06 wd-custom-width\"><img loading=\"lazy\" decoding=\"async\" width=\"900\" height=\"675\" class=\"wp-image-14004525\" src=\"https:\/\/saluxe.eu\/wp-content\/uploads\/2026\/03\/saluxe-team-photo.webp\" alt=\"Ekipa Saluxe: Henrik S\u00f6ke, Andrejka S\u00f6ke in Darija Huzimec\" srcset=\"https:\/\/saluxe.eu\/wp-content\/uploads\/2026\/03\/saluxe-team-photo.webp 900w, https:\/\/saluxe.eu\/wp-content\/uploads\/2026\/03\/saluxe-team-photo-300x225.webp 300w, https:\/\/saluxe.eu\/wp-content\/uploads\/2026\/03\/saluxe-team-photo-768x576.webp 768w, https:\/\/saluxe.eu\/wp-content\/uploads\/2026\/03\/saluxe-team-photo-150x113.webp 150w\" sizes=\"auto, (max-width: 900px) 100vw, 900px\" \/><\/div>\n<\/div>\n<\/div>\n\n\n\n<div class=\"wp-block-wd-row wd-3b9962c8 wd-custom-width\">\n<div class=\"wp-block-wd-column wd-2c85854e\">\n<p class=\"wp-block-wd-paragraph wd-align wd-ecfe4c75\">Saluxe\u2122 je dru\u017einski butik ametistov za tiste, ki verjamete, da dom ni le prostor \u2013 temve\u010d ob\u010dutek. S sede\u017eem v Sloveniji in prisotnostjo na evropskem trgu skrbno izbiramo vrhunske unikate za ljudi, ki v svoj prostor \u017eelijo vnesti zna\u010daj, lepoto in tiho eleganco.<\/p>\n\n\n\n<p class=\"wp-block-wd-paragraph wd-align wd-1260ca23\">Vse se je za\u010delo na Dunaju. Ko sta Andrejka in Henrik S\u00f6ke v muzeju prvi\u010d zagledala mogo\u010dno ametistovo geodo, je bilo jasno, da je to za\u010detek ne\u010desa novega. Fascinacija je kmalu prerasla v poslanstvo: ustvariti blagovno znamko, posve\u010deno izklju\u010dno najlep\u0161im ametistom \u2013 izbranim zaradi redkosti, naravne estetike in brez\u010dasnega zna\u010daja.<\/p>\n\n\n\n<p class=\"wp-block-wd-paragraph wd-align wd-1349f3c5\">Danes Saluxe vodi Andrejka S\u00f6ke, ki skrbi, da osebni pristop ostaja v srcu podjetja in da se na\u0161i visoki standardi odra\u017eajo v vsakem stiku z vami. Ob njej Henrik z zbirateljskim o\u010desom ocenjuje vsak kos glede na barvo, razmerja in obliko. Pri opisovanju energije in vzdu\u0161ja, ki ga kristali prinesejo v prostor, nam pomaga Darija Huzimec, ustanoviteljica Esence vesolja, ki vam pomaga izbrati kose, ki najbolje dopolnjujejo va\u0161 ambient.<\/p>\n\n\n\n<p class=\"wp-block-wd-paragraph wd-align wd-cf4afaad\">Na\u0161a obljuba je preprosta: avtenti\u010dnost in vrhunska izku\u0161nja. Sodelujemo le z majhnim krogom zaupanja vrednih dobaviteljev, kjer so prioritete kakovost, poreklo in odgovorna poslovna praksa. Vsak ametist osebno pregledamo, fotografiramo in predstavimo s pozornostjo do detajlov, ki definira pravi luksuz.<\/p>\n\n\n\n<p class=\"wp-block-wd-paragraph wd-align wd-5ed29f90\">Za nas je ametist ve\u010d kot le dragi kamen \u2013 je simbol miru in trajna vez z naravo. Vsaka geoda, ne glede na to, ali je namenjena va\u0161i dnevni sobi ali kot dragocen kos za zasebno zbirko, je izbrana s skrbjo. Vsak na\u0161 kos je izbran, da postane va\u0161 do\u017eivljenjski sopotnik.<\/p>\n<\/div>\n<\/div>\n","protected":false},"excerpt":{"rendered":"<p>Spoznajte strokovnjake iz Saluxe za ametistove geode<\/p>\n","protected":false},"author":2,"featured_media":0,"parent":0,"menu_order":0,"comment_status":"closed","ping_status":"closed","template":"","meta":{"footnotes":""},"class_list":["post-2002485","page","type-page","status-publish","hentry"],"_links":{"self":[{"href":"https:\/\/saluxe.eu\/sl\/wp-json\/wp\/v2\/pages\/2002485","targetHints":{"allow":["GET"]}}],"collection":[{"href":"https:\/\/saluxe.eu\/sl\/wp-json\/wp\/v2\/pages"}],"about":[{"href":"https:\/\/saluxe.eu\/sl\/wp-json\/wp\/v2\/types\/page"}],"author":[{"embeddable":true,"href":"https:\/\/saluxe.eu\/sl\/wp-json\/wp\/v2\/users\/2"}],"replies":[{"embeddable":true,"href":"https:\/\/saluxe.eu\/sl\/wp-json\/wp\/v2\/comments?post=2002485"}],"version-history":[{"count":20,"href":"https:\/\/saluxe.eu\/sl\/wp-json\/wp\/v2\/pages\/2002485\/revisions"}],"predecessor-version":[{"id":14504853,"href":"https:\/\/saluxe.eu\/sl\/wp-json\/wp\/v2\/pages\/2002485\/revisions\/14504853"}],"wp:attachment":[{"href":"https:\/\/saluxe.eu\/sl\/wp-json\/wp\/v2\/media?parent=2002485"}],"curies":[{"name":"wp","href":"https:\/\/api.w.org\/{rel}","templated":true}]}}