{"id":2002533,"date":"2025-03-11T16:20:31","date_gmt":"2025-03-11T15:20:31","guid":{"rendered":"https:\/\/saluxe.eu\/?page_id=2002533"},"modified":"2026-02-02T11:02:50","modified_gmt":"2026-02-02T10:02:50","slug":"pravno-obvestilo","status":"publish","type":"page","link":"https:\/\/saluxe.eu\/sl\/pravno-obvestilo\/","title":{"rendered":"Pravno obvestilo"},"content":{"rendered":"\n<div class=\"wp-block-group narrow-page is-layout-constrained wp-block-group-is-layout-constrained\">\n<h2 class=\"wp-block-heading\">Podatki o podjetju<\/h2>\n\n\n\n<p id=\"wd-6f87f13e\" class=\"wp-block-wd-paragraph\"><strong>Naziv podjetja<\/strong>: Saluxe, Andrejka S\u00f6ke s.p.<br><strong>Sede\u017e podjetja<\/strong>: Kidri\u010deva ulica 35, 9220 Lendava, Slovenija, EU<br><strong>Mati\u010dna \u0161tevilka<\/strong>: 7429355000<br><strong>ID za DDV<\/strong>: SI52303110<\/p>\n\n\n\n<h2 class=\"wp-block-heading\">Kontaktni podatki<\/h2>\n\n\n\n<p id=\"wd-309b60ca\" class=\"wp-block-wd-paragraph\"><strong>E-po\u0161ta<\/strong>: <a href=\"mailto:info@saluxe.eu\">info@saluxe.eu<\/a><br><strong>Telefon<\/strong>: <a href=\"tel:+38641899746\">+386 41 899 746<\/a> (pon.\u2013pet., 9:00\u201318:00)<br><strong>Spletna stran<\/strong>: https:\/\/saluxe.eu<\/p>\n\n\n\n<h2 class=\"wp-block-heading\">Odgovorna oseba za vsebino<\/h2>\n\n\n\n<p id=\"wd-d19f442d\" class=\"wp-block-wd-paragraph\">Henrik S\u00f6ke<br>Kidri\u010deva ulica 35, 9220 Lendava, Slovenia, EU<\/p>\n\n\n\n<h2 class=\"wp-block-heading\">Spletno re\u0161evanje potro\u0161ni\u0161kih sporov (ODR)<\/h2>\n\n\n\n<p id=\"wd-79213f38\" class=\"wp-block-wd-paragraph\">Evropska komisija zagotavlja spletno platformo za re\u0161evanje potro\u0161ni\u0161kih sporov (ODR): https:\/\/ec.europa.eu\/consumers\/odr<\/p>\n\n\n\n<p id=\"wd-af5d9d7a\" class=\"wp-block-wd-paragraph\">Nismo dol\u017eni sodelovati v postopkih izvensodnega re\u0161evanja potro\u0161ni\u0161kih sporov pred arbitra\u017eno komisijo niti k temu zavezani.<\/p>\n\n\n\n<h2 class=\"wp-block-heading\">Omejitev odgovornosti za vsebino in zunanje povezave<\/h2>\n\n\n\n<ul id=\"wd-814c6cb4\" class=\"wp-block-wd-list wd-list wd-type-unordered wd-style-default\">\n<li id=\"wd-4f9e3796\" class=\"wp-block-wd-list-item\"><div class=\"wd-icon\"><\/div><span class=\"wd-list-content\">Kot ponudnik spletne storitve smo odgovorni za lastne vsebine, objavljene na tej strani, v skladu z veljavno zakonodajo.<\/span><\/li>\n\n\n\n<li id=\"wd-42f0db12\" class=\"wp-block-wd-list-item\"><div class=\"wd-icon\"><\/div><span class=\"wd-list-content\">Za vsebine in informacije na zunanjih povezavah ne prevzemamo odgovornosti. Za vsebino spletnih strani, na katere vodijo povezave z na\u0161e strani, so odgovorni izklju\u010dno njihovi upravljavci.<\/span><\/li>\n\n\n\n<li id=\"wd-e6e27597\" class=\"wp-block-wd-list-item\"><div class=\"wd-icon\"><\/div><span class=\"wd-list-content\">V \u010dasu vklju\u010ditve so bile vse povezave preverjene in niso kazale spornih ali nezakonitih vsebin.<\/span><\/li>\n<\/ul>\n\n\n\n<h2 class=\"wp-block-heading\">Avtorske pravice in intelektualna lastnina<\/h2>\n\n\n\n<p id=\"wd-9e71d062\" class=\"wp-block-wd-paragraph\">Vse vsebine (besedila, slike, oblikovanje), objavljene na tej spletni strani, so last podjetja Saluxe, razen kjer je navedeno druga\u010de. Vsako kopiranje, razmno\u017eevanje ali komercialna uporaba brez pisnega dovoljenja je prepovedana.<\/p>\n\n\n\n<p id=\"wd-cefad525\" class=\"wp-block-wd-paragraph\"><strong>Zadnja posodobitev<\/strong>: 2. februar 2026<\/p>\n<\/div>\n","protected":false},"excerpt":{"rendered":"<p>Podatki o podjetju Kontaktni podatki Odgovorna oseba za vsebino Spletno re\u0161evanje potro\u0161ni\u0161kih sporov (ODR) Omejitev odgovornosti za vsebino in zunanje<\/p>\n","protected":false},"author":2,"featured_media":0,"parent":0,"menu_order":0,"comment_status":"closed","ping_status":"closed","template":"","meta":{"footnotes":""},"class_list":["post-2002533","page","type-page","status-publish","hentry"],"_links":{"self":[{"href":"https:\/\/saluxe.eu\/sl\/wp-json\/wp\/v2\/pages\/2002533","targetHints":{"allow":["GET"]}}],"collection":[{"href":"https:\/\/saluxe.eu\/sl\/wp-json\/wp\/v2\/pages"}],"about":[{"href":"https:\/\/saluxe.eu\/sl\/wp-json\/wp\/v2\/types\/page"}],"author":[{"embeddable":true,"href":"https:\/\/saluxe.eu\/sl\/wp-json\/wp\/v2\/users\/2"}],"replies":[{"embeddable":true,"href":"https:\/\/saluxe.eu\/sl\/wp-json\/wp\/v2\/comments?post=2002533"}],"version-history":[{"count":5,"href":"https:\/\/saluxe.eu\/sl\/wp-json\/wp\/v2\/pages\/2002533\/revisions"}],"predecessor-version":[{"id":11504472,"href":"https:\/\/saluxe.eu\/sl\/wp-json\/wp\/v2\/pages\/2002533\/revisions\/11504472"}],"wp:attachment":[{"href":"https:\/\/saluxe.eu\/sl\/wp-json\/wp\/v2\/media?parent=2002533"}],"curies":[{"name":"wp","href":"https:\/\/api.w.org\/{rel}","templated":true}]}}