{"id":2002566,"date":"2025-02-27T10:22:50","date_gmt":"2025-02-27T09:22:50","guid":{"rendered":"https:\/\/saluxe.eu\/?page_id=2002566"},"modified":"2026-03-18T10:07:25","modified_gmt":"2026-03-18T09:07:25","slug":"posiljanje-in-dostava","status":"publish","type":"page","link":"https:\/\/saluxe.eu\/sl\/posiljanje-in-dostava\/","title":{"rendered":"Po\u0161iljanje in dostava"},"content":{"rendered":"\n<div class=\"wp-block-group narrow-page is-layout-constrained wp-block-group-is-layout-constrained\">\n<h2 class=\"wp-block-heading\">Dostavne regije in stro\u0161ki<\/h2>\n\n\n\n<ul class=\"wp-block-wd-list wd-list wd-type-unordered wd-style-default wd-e186bae3\">\n<li class=\"wp-block-wd-list-item wd-3cacb1d8\"><div class=\"wd-icon\"><\/div><span class=\"wd-list-content\"><strong>Brezpla\u010dna dostava po EU<\/strong>: Vsem naro\u010dilom, dostavljenim znotraj Evropske unije, zagotavljamo brezpla\u010dno dostavo \u2013 brez minimalnega zneska nakupa.<\/span><\/li>\n\n\n\n<li class=\"wp-block-wd-list-item wd-0a63effd\"><div class=\"wd-icon\"><\/div><span class=\"wd-list-content\"><strong>Dostava izven EU:<\/strong> Na\u0161a spletna trgovina je primarno namenjena dostavi znotraj Evropske unije. \u010ce \u017eelite naro\u010dilo prejeti v dr\u017eavo izven EU, nas prosimo kontaktirajte na <a href=\"mailto:info@saluxe.eu\">info@saluxe.eu<\/a>. Z veseljem bomo za vas pripravili individualno re\u0161itev in uredili po\u0161iljanje.<\/span><\/li>\n<\/ul>\n\n\n\n<h2 class=\"wp-block-heading\">\u010cas obdelave naro\u010dila<\/h2>\n\n\n\n<ul class=\"wp-block-wd-list wd-list wd-type-unordered wd-style-default wd-1e11e726\">\n<li class=\"wp-block-wd-list-item wd-64e85f9f\"><div class=\"wd-icon\"><\/div><span class=\"wd-list-content\"><strong>Standardna obdelava:<\/strong> Naro\u010dila obi\u010dajno pripravimo in odpo\u0161ljemo v roku 1\u20135 delovnih dni (ponedeljek\u2013petek) po prejemu pla\u010dila. Razpon je odvisen od razli\u010dnih zahtev pakiranja v na\u0161i ponudbi \u2014 manj\u0161i kosi so praviloma odposlani hitreje, medtem ko ve\u010dje geode ter izdelki, ki zahtevajo lesene zaboje ali darilne \u0161katle, potrebujejo ve\u010d priprave.<\/span><\/li>\n\n\n\n<li class=\"wp-block-wd-list-item wd-cd60c9c7\"><div class=\"wd-icon\"><\/div><span class=\"wd-list-content\"><strong>Ve\u010dji ali posebni izdelki:<\/strong> Kosi, ki zahtevajo lesene zaboje ali darilne \u0161katle po meri, lahko potrebujejo dodaten \u010das priprave tudi zunaj obi\u010dajnega roka. \u010ce bo potreben dalj\u0161i \u010das obdelave, vas bomo o tem obvestili.<\/span><\/li>\n\n\n\n<li class=\"wp-block-wd-list-item wd-9c7adca8\"><div class=\"wd-icon\"><\/div><span class=\"wd-list-content\">Naro\u010dila, oddana med vikendi ali prazniki, za\u010dnemo obdelovati naslednji delovni dan.<\/span><\/li>\n<\/ul>\n\n\n\n<h2 class=\"wp-block-heading\">Izvor po\u0161iljanja<\/h2>\n\n\n\n<p>Odvisno od posameznega kosa je lahko va\u0161e naro\u010dilo odposlano neposredno z na\u0161e lokacije v Sloveniji ali od enega izmed zaupanja vrednih partnerjev, s katerimi sodelujemo. V vsakem primeru gre za nekoga, ki ga osebno poznamo in mu zaupamo. \u010ce \u017eelite pred nakupom vedeti, od kod bo odposlan to\u010dno va\u0161 izbrani kos, nas kontaktirajte in to vam bomo potrdili.<\/p>\n\n\n\n<h2 class=\"wp-block-heading\">Na\u010dini po\u0161iljanja in predvideni roki dostave<\/h2>\n\n\n\n<p class=\"wp-block-wd-paragraph wd-9a4a7678\">Sodelujemo z zaupanja vrednimi dostavnimi slu\u017ebami, kot so <strong>FedEx<\/strong>, <strong>GLS<\/strong>, <strong>DPD <\/strong>in drugi. Izbira ponudnika je odvisna od destinacije in velikosti paketa.<\/p>\n\n\n\n<ul class=\"wp-block-wd-list wd-list wd-type-unordered wd-style-default wd-ae57c647\">\n<li class=\"wp-block-wd-list-item wd-7c7ed20a\"><div class=\"wd-icon\"><\/div><span class=\"wd-list-content\"><strong>Dostava v EU<\/strong>: Po\u0161iljke obi\u010dajno prispejo v 1\u20137 delovnih dneh od odpreme.<\/span><\/li>\n<\/ul>\n\n\n\n<ul class=\"wp-block-wd-list wd-list wd-type-unordered wd-style-default wd-c44daf3f\">\n<li class=\"wp-block-wd-list-item wd-997f6b14\"><div class=\"wd-icon\"><\/div><span class=\"wd-list-content\"><strong>Dostava izven EU<\/strong>: Dobavni roki so odvisni od dr\u017eave \u2013 ve\u010dina po\u0161iljk prispe v 7\u201314 delovnih dneh, vendar lahko na \u010das vplivajo carinski postopki in lokalna obravnava.<\/span><\/li>\n<\/ul>\n\n\n\n<ul class=\"wp-block-wd-list wd-list wd-type-unordered wd-style-default wd-9ff7b038\">\n<li class=\"wp-block-wd-list-item wd-a2d72847\"><div class=\"wd-icon\"><\/div><span class=\"wd-list-content\"><strong>Sledenje po\u0161iljki<\/strong>: Po odpo\u0161iljanju prejmete potrditveno e-po\u0161to s sledilno \u0161tevilko, s katero lahko spremljate potek dostave.<\/span><\/li>\n<\/ul>\n\n\n\n<h2 class=\"wp-block-heading\">Carine in uvozne dajatve<\/h2>\n\n\n\n<ul class=\"wp-block-wd-list wd-list wd-type-unordered wd-style-default wd-fb15a758\">\n<li class=\"wp-block-wd-list-item wd-de4e4533\"><div class=\"wd-icon\"><\/div><span class=\"wd-list-content\"><strong>Naro\u010dila v EU:<\/strong> Za vse po\u0161iljke znotraj Evropske unije ni dodatnih carinskih stro\u0161kov ali uvoznih dajatev.<\/span><\/li>\n\n\n\n<li class=\"wp-block-wd-list-item wd-c9d29982\"><div class=\"wd-icon\"><\/div><span class=\"wd-list-content\"><strong>Dostava izven EU<\/strong>: Kupec je odgovoren za morebitne uvozne dajatve, davke ali druge stro\u0161ke, ki jih dolo\u010di lokalna zakonodaja. Priporo\u010damo, da pred nakupom preverite uvozne pogoje v svoji dr\u017eavi. Za morebitne zamude, ki nastanejo zaradi carinskih postopkov, ne moremo prevzeti odgovornosti.<\/span><\/li>\n<\/ul>\n\n\n\n<h2 class=\"wp-block-heading\">Zavarovanje in embala\u017ea<\/h2>\n\n\n\n<ul class=\"wp-block-wd-list wd-list wd-type-unordered wd-style-default wd-8e999bc5\">\n<li class=\"wp-block-wd-list-item wd-4a0343ac\"><div class=\"wd-icon\"><\/div><span class=\"wd-list-content\"><strong>Varna embala\u017ea<\/strong>: Vsak kamen je skrbno zapakiran, da je tveganje za po\u0161kodbe med transportom minimalno. Ve\u010dji ali posebej vredni kosi so lahko odposlani v oja\u010dani embala\u017ei ali posebej izdelanih lesenih zabojih.<\/span><\/li>\n\n\n\n<li class=\"wp-block-wd-list-item wd-8a6bb0d3\"><div class=\"wd-icon\"><\/div><span class=\"wd-list-content\"><strong>Zavarovanje:<\/strong> Standardne po\u0161iljke odpo\u0161ljemo brez dodatnega zavarovanja. Pri ametistih vi\u0161je vrednosti zavarovanje po\u0161iljke uredimo mi, brez dodatnih stro\u0161kov za vas. \u010ce imate posebne \u017eelje glede zavarovanja ali dostave, nas prosimo kontaktirajte pred po\u0161iljanjem.<\/span><\/li>\n<\/ul>\n\n\n\n<h2 class=\"wp-block-heading\">Neuspe\u0161na dostava in te\u017eave z naslovom<\/h2>\n\n\n\n<ul class=\"wp-block-wd-list wd-list wd-type-unordered wd-style-default wd-572ae8c3\">\n<li class=\"wp-block-wd-list-item wd-d4d770cf\"><div class=\"wd-icon\"><\/div><span class=\"wd-list-content\"><strong>Napa\u010den naslov<\/strong>: Prosimo, da ob oddaji naro\u010dila skrbno preverite dostavni naslov. Za po\u0161iljke, odposlane na napa\u010den naslov, ki ga je navedel kupec, ne moremo odgovarjati.<\/span><\/li>\n\n\n\n<li class=\"wp-block-wd-list-item wd-2e23108a\"><div class=\"wd-icon\"><\/div><span class=\"wd-list-content\"><strong>Neprevzeti paketi:<\/strong> \u010ce se po\u0161iljka vrne k nam kot neprevzeta, zavrnjena ali nedostavljiva iz razlogov, na katere nimamo vpliva, stro\u0161ke ponovnega po\u0161iljanja in morebitne dodatne stro\u0161ke krije kupec.<\/span><\/li>\n<\/ul>\n\n\n\n<h2 class=\"wp-block-heading\">Skladnost z evropskimi pravicami potro\u0161nikov<\/h2>\n\n\n\n<p class=\"wp-block-wd-paragraph wd-6fb4e56a\">Upo\u0161tevamo vso veljavno zakonodajo EU na podro\u010dju varstva potro\u0161nikov in spletne prodaje \u2013 od jasnih informacij o izdelkih, preglednih cen do pravo\u010dasne dostave.<\/p>\n\n\n\n<p class=\"wp-block-wd-paragraph wd-20eb13d5\">Vse morebitne reklamacije ali spore v zvezi z dostavo bomo obravnavali skladno z evropskimi predpisi o varstvu potro\u0161nikov.<\/p>\n\n\n\n<h2 class=\"wp-block-heading\">Kontakt<\/h2>\n\n\n\n<p class=\"wp-block-wd-paragraph wd-f0741eee\">Za vsa vpra\u0161anja glede po\u0161iljanja, dostavnih rokov ali posebnih \u017eelja smo vam vedno na voljo.<\/p>\n\n\n\n<p class=\"wp-block-wd-paragraph wd-13e0e237\"><strong>E-po\u0161ta<\/strong>: <a href=\"mailto:info@saluxe.eu\">info@saluxe.eu<\/a><br><strong>Kontaktni obrazec<\/strong>: <a href=\"https:\/\/saluxe.eu\/sl\/kontakt\/\">saluxe.eu\/sl\/kontakt\/<\/a><br><strong>Telefon<\/strong>: <a href=\"tel:+38641899746\">+386 41 899 746<\/a> (pon.\u2013pet., 9:00\u201318:00)<\/p>\n\n\n\n<p class=\"wp-block-wd-paragraph wd-cff541e7\">Skrbimo, da bo va\u0161a nakupovalna izku\u0161nja gladka in varna na vsakem koraku.<\/p>\n<\/div>\n","protected":false},"excerpt":{"rendered":"<p>Dostavne regije in stro\u0161ki \u010cas obdelave naro\u010dila Izvor po\u0161iljanja Odvisno od posameznega kosa je lahko va\u0161e naro\u010dilo odposlano neposredno z<\/p>\n","protected":false},"author":2,"featured_media":0,"parent":0,"menu_order":0,"comment_status":"closed","ping_status":"closed","template":"","meta":{"footnotes":""},"class_list":["post-2002566","page","type-page","status-publish","hentry"],"_links":{"self":[{"href":"https:\/\/saluxe.eu\/sl\/wp-json\/wp\/v2\/pages\/2002566","targetHints":{"allow":["GET"]}}],"collection":[{"href":"https:\/\/saluxe.eu\/sl\/wp-json\/wp\/v2\/pages"}],"about":[{"href":"https:\/\/saluxe.eu\/sl\/wp-json\/wp\/v2\/types\/page"}],"author":[{"embeddable":true,"href":"https:\/\/saluxe.eu\/sl\/wp-json\/wp\/v2\/users\/2"}],"replies":[{"embeddable":true,"href":"https:\/\/saluxe.eu\/sl\/wp-json\/wp\/v2\/comments?post=2002566"}],"version-history":[{"count":10,"href":"https:\/\/saluxe.eu\/sl\/wp-json\/wp\/v2\/pages\/2002566\/revisions"}],"predecessor-version":[{"id":14004548,"href":"https:\/\/saluxe.eu\/sl\/wp-json\/wp\/v2\/pages\/2002566\/revisions\/14004548"}],"wp:attachment":[{"href":"https:\/\/saluxe.eu\/sl\/wp-json\/wp\/v2\/media?parent=2002566"}],"curies":[{"name":"wp","href":"https:\/\/api.w.org\/{rel}","templated":true}]}}