{"id":2002577,"date":"2024-07-16T11:32:54","date_gmt":"2024-07-16T09:32:54","guid":{"rendered":"https:\/\/saluxe.eu\/seznam-zelja\/"},"modified":"2025-12-28T15:42:41","modified_gmt":"2025-12-28T14:42:41","slug":"seznam-zelja","status":"publish","type":"page","link":"https:\/\/saluxe.eu\/sl\/seznam-zelja\/","title":{"rendered":"Seznam \u017eelja"},"content":{"rendered":"\t\t\n\t\t\n\n\t\t\t\t<div class=\"\" >\n\t\t\t\t\t\t<div class=\"wd-wishlist-content\">\n\t\t\t\t\t\t\t\t\t\n\t\t<div class=\"wd-empty-block wd-empty-wishlist\">\n\n\t\t<h2 class=\"wd-empty-block-title\">\n\t\t\tThis wishlist is empty.\t\t<\/h2>\n\n\t\t\t\t\t<p class=\"wd-empty-block-text\">\n\t\t\t\tVa\u0161 seznam \u017eelja je \u0161e prazen. Razi\u0161\u010dite na\u0161e kolekcije in s klikom na sr\u010dek shranite izdelke, ki so vam blizu \u2013 tukaj vas bodo po\u010dakali, ko jih boste \u017eeleli v miru primerjati.\t\t\t<\/p>\n\t\t\n\t\t\n\t\t\t\t\t<a class=\"button btn btn-accent wd-empty-block-btn\" href=\"https:\/\/saluxe.eu\/sl\/kolekcije\/\">\n\t\t\t\tReturn to shop\t\t\t<\/a>\n\t\t\n\t\t\t\t\t<\/div>\n\t\t\t\t\t\t\t\t\t\t\t<\/div>\n\t\t\t\t<\/div>\n\t\t\n","protected":false},"excerpt":{"rendered":"","protected":false},"author":2,"featured_media":0,"parent":0,"menu_order":0,"comment_status":"closed","ping_status":"closed","template":"","meta":{"footnotes":""},"class_list":["post-2002577","page","type-page","status-publish","hentry"],"_links":{"self":[{"href":"https:\/\/saluxe.eu\/sl\/wp-json\/wp\/v2\/pages\/2002577","targetHints":{"allow":["GET"]}}],"collection":[{"href":"https:\/\/saluxe.eu\/sl\/wp-json\/wp\/v2\/pages"}],"about":[{"href":"https:\/\/saluxe.eu\/sl\/wp-json\/wp\/v2\/types\/page"}],"author":[{"embeddable":true,"href":"https:\/\/saluxe.eu\/sl\/wp-json\/wp\/v2\/users\/2"}],"replies":[{"embeddable":true,"href":"https:\/\/saluxe.eu\/sl\/wp-json\/wp\/v2\/comments?post=2002577"}],"version-history":[{"count":1,"href":"https:\/\/saluxe.eu\/sl\/wp-json\/wp\/v2\/pages\/2002577\/revisions"}],"predecessor-version":[{"id":10004313,"href":"https:\/\/saluxe.eu\/sl\/wp-json\/wp\/v2\/pages\/2002577\/revisions\/10004313"}],"wp:attachment":[{"href":"https:\/\/saluxe.eu\/sl\/wp-json\/wp\/v2\/media?parent=2002577"}],"curies":[{"name":"wp","href":"https:\/\/api.w.org\/{rel}","templated":true}]}}