{"id":14004684,"date":"2026-03-19T15:06:06","date_gmt":"2026-03-19T14:06:06","guid":{"rendered":"https:\/\/saluxe.eu\/?post_type=product&#038;p=14004684"},"modified":"2026-03-31T14:42:30","modified_gmt":"2026-03-31T12:42:30","slug":"ples-duse","status":"publish","type":"product","link":"https:\/\/saluxe.eu\/sl\/izdelek\/ples-duse\/","title":{"rendered":"Ples du\u0161e"},"content":{"rendered":"","protected":false},"excerpt":{"rendered":"<p>Ples du\u0161e je izvirno umetni\u0161ko delo mad\u017earske umetnice, ki ustvarja s kristali, N\u00f3re Baka. Ustvarjeno s pravimi ametistnimi kristali, minerali in akrilom na okroglem platnu. Svetlo vijoli\u010dno sredi\u0161\u010de, plasti kristalnih tvorb in prelivajo\u010di se kovinski toni ustvarjajo vtis globine ter skoraj geolo\u0161ke raznolikosti. Ob osvetlitvi od zadaj delo za\u017eivi druga\u010de, saj svetloba prodira skozi kristale in razkriva mehkej\u0161o, bolj intimno stran kompozicije.<\/p>\n<p><strong>Podrobnosti:<\/strong><\/p>\n<ul class=\"product-dsc-checklist\">\n<li>Iz kolekcije <strong>Amethyst: Wonder of the Universe<\/strong><\/li>\n<li>V sodelovanju Saluxe \u00d7 N\u00f3ra Baka<\/li>\n<li>Izvirno, unikatno umetni\u0161ko delo<\/li>\n<li>Tehnika: pravi kristali ametista, minerali in akril na okroglem platnu<\/li>\n<li>Pripravljeno za obe\u0161anje<\/li>\n<\/ul>\n","protected":false},"featured_media":14004676,"template":"","meta":[],"product_brand":[],"product_cat":[2800170],"product_tag":[],"class_list":{"0":"post-14004684","1":"product","2":"type-product","3":"status-publish","4":"has-post-thumbnail","6":"product_cat-umetnine-z-ametistom","8":"first","9":"instock","10":"sold-individually","11":"taxable","12":"shipping-taxable","13":"purchasable","14":"product-type-simple"},"_links":{"self":[{"href":"https:\/\/saluxe.eu\/sl\/wp-json\/wp\/v2\/product\/14004684","targetHints":{"allow":["GET"]}}],"collection":[{"href":"https:\/\/saluxe.eu\/sl\/wp-json\/wp\/v2\/product"}],"about":[{"href":"https:\/\/saluxe.eu\/sl\/wp-json\/wp\/v2\/types\/product"}],"wp:featuredmedia":[{"embeddable":true,"href":"https:\/\/saluxe.eu\/sl\/wp-json\/wp\/v2\/media\/14004676"}],"wp:attachment":[{"href":"https:\/\/saluxe.eu\/sl\/wp-json\/wp\/v2\/media?parent=14004684"}],"wp:term":[{"taxonomy":"product_brand","embeddable":true,"href":"https:\/\/saluxe.eu\/sl\/wp-json\/wp\/v2\/product_brand?post=14004684"},{"taxonomy":"product_cat","embeddable":true,"href":"https:\/\/saluxe.eu\/sl\/wp-json\/wp\/v2\/product_cat?post=14004684"},{"taxonomy":"product_tag","embeddable":true,"href":"https:\/\/saluxe.eu\/sl\/wp-json\/wp\/v2\/product_tag?post=14004684"}],"curies":[{"name":"wp","href":"https:\/\/api.w.org\/{rel}","templated":true}]}}