{"id":14504799,"date":"2026-03-29T11:54:53","date_gmt":"2026-03-29T09:54:53","guid":{"rendered":"https:\/\/saluxe.eu\/?post_type=product&#038;p=14504799"},"modified":"2026-03-31T14:43:23","modified_gmt":"2026-03-31T12:43:23","slug":"vecne-poti","status":"publish","type":"product","link":"https:\/\/saluxe.eu\/sl\/izdelek\/vecne-poti\/","title":{"rendered":"Ve\u010dne poti"},"content":{"rendered":"","protected":false},"excerpt":{"rendered":"<p>Ve\u010dne poti so izvirno, unikatno umetni\u0161ko delo umetnice, ki ustvarja s kristali, N\u00f3re Baka. Nastalo je z akrilom, ametistom in mineralnim prahom na platnu. V celoti je izdelano ro\u010dno in uokvirjeno. Preplet bogatih vijoli\u010dnih tonov, topline in kristalne teksture ustvarja podobo, ki deluje globoko, skrivnostno in polno zna\u010daja.<\/p>\n<p><strong>Podrobnosti:<\/strong><\/p>\n<ul class=\"product-dsc-checklist\">\n<li>Iz kolekcije <strong>Amethyst: Wonder of the Universe<\/strong><\/li>\n<li>V sodelovanju Saluxe \u00d7 N\u00f3ra Baka<\/li>\n<li>Izvirno, unikatno umetni\u0161ko delo<\/li>\n<li>Tehnika: pravi kristali ametista, minerali in akril na platnu<\/li>\n<li>Pripravljeno za obe\u0161anje<\/li>\n<\/ul>\n","protected":false},"featured_media":14504751,"template":"","meta":[],"product_brand":[],"product_cat":[2800170],"product_tag":[],"class_list":{"0":"post-14504799","1":"product","2":"type-product","3":"status-publish","4":"has-post-thumbnail","6":"product_cat-umetnine-z-ametistom","8":"first","9":"instock","10":"sold-individually","11":"taxable","12":"shipping-taxable","13":"purchasable","14":"product-type-simple"},"_links":{"self":[{"href":"https:\/\/saluxe.eu\/sl\/wp-json\/wp\/v2\/product\/14504799","targetHints":{"allow":["GET"]}}],"collection":[{"href":"https:\/\/saluxe.eu\/sl\/wp-json\/wp\/v2\/product"}],"about":[{"href":"https:\/\/saluxe.eu\/sl\/wp-json\/wp\/v2\/types\/product"}],"wp:featuredmedia":[{"embeddable":true,"href":"https:\/\/saluxe.eu\/sl\/wp-json\/wp\/v2\/media\/14504751"}],"wp:attachment":[{"href":"https:\/\/saluxe.eu\/sl\/wp-json\/wp\/v2\/media?parent=14504799"}],"wp:term":[{"taxonomy":"product_brand","embeddable":true,"href":"https:\/\/saluxe.eu\/sl\/wp-json\/wp\/v2\/product_brand?post=14504799"},{"taxonomy":"product_cat","embeddable":true,"href":"https:\/\/saluxe.eu\/sl\/wp-json\/wp\/v2\/product_cat?post=14504799"},{"taxonomy":"product_tag","embeddable":true,"href":"https:\/\/saluxe.eu\/sl\/wp-json\/wp\/v2\/product_tag?post=14504799"}],"curies":[{"name":"wp","href":"https:\/\/api.w.org\/{rel}","templated":true}]}}