{"id":14504803,"date":"2026-03-29T12:40:33","date_gmt":"2026-03-29T10:40:33","guid":{"rendered":"https:\/\/saluxe.eu\/?post_type=product&#038;p=14504803"},"modified":"2026-03-31T14:44:05","modified_gmt":"2026-03-31T12:44:05","slug":"spiralna-galaksija-messier-m51","status":"publish","type":"product","link":"https:\/\/saluxe.eu\/sl\/izdelek\/spiralna-galaksija-messier-m51\/","title":{"rendered":"Spiralna galaksija Messier M51"},"content":{"rendered":"","protected":false},"excerpt":{"rendered":"<p>Spiralna galaksija Messier M51 je izvirno, unikatno delo umetnice, ki ustvarja s kristali, N\u00f3re Baka. Ustvarjeno je z akrilom na platnu in dopolnjeno s pravim ametistom. Slika je v celoti izdelana ro\u010dno. V kompoziciji se zdru\u017eujejo globoki kozmi\u010dni toni, svetlo spiralno sredi\u0161\u010de in bogata kristalna tekstura, zato delo deluje skrivnostno, globoko in izrazito.<\/p>\n<p><strong>Podrobnosti:<\/strong><\/p>\n<ul class=\"product-dsc-checklist\">\n<li>Iz kolekcije <strong>Amethyst: Wonder of the Universe<\/strong><\/li>\n<li>V sodelovanju Saluxe \u00d7 N\u00f3ra Baka<\/li>\n<li>Izvirno, unikatno umetni\u0161ko delo<\/li>\n<li>Tehnika: pravi kristali ametista, minerali in akril na platnu<\/li>\n<li>Pripravljeno za obe\u0161anje<\/li>\n<\/ul>\n","protected":false},"featured_media":14504776,"template":"","meta":[],"product_brand":[],"product_cat":[2800170],"product_tag":[],"class_list":{"0":"post-14504803","1":"product","2":"type-product","3":"status-publish","4":"has-post-thumbnail","6":"product_cat-umetnine-z-ametistom","8":"first","9":"instock","10":"sold-individually","11":"taxable","12":"shipping-taxable","13":"purchasable","14":"product-type-simple"},"_links":{"self":[{"href":"https:\/\/saluxe.eu\/sl\/wp-json\/wp\/v2\/product\/14504803","targetHints":{"allow":["GET"]}}],"collection":[{"href":"https:\/\/saluxe.eu\/sl\/wp-json\/wp\/v2\/product"}],"about":[{"href":"https:\/\/saluxe.eu\/sl\/wp-json\/wp\/v2\/types\/product"}],"wp:featuredmedia":[{"embeddable":true,"href":"https:\/\/saluxe.eu\/sl\/wp-json\/wp\/v2\/media\/14504776"}],"wp:attachment":[{"href":"https:\/\/saluxe.eu\/sl\/wp-json\/wp\/v2\/media?parent=14504803"}],"wp:term":[{"taxonomy":"product_brand","embeddable":true,"href":"https:\/\/saluxe.eu\/sl\/wp-json\/wp\/v2\/product_brand?post=14504803"},{"taxonomy":"product_cat","embeddable":true,"href":"https:\/\/saluxe.eu\/sl\/wp-json\/wp\/v2\/product_cat?post=14504803"},{"taxonomy":"product_tag","embeddable":true,"href":"https:\/\/saluxe.eu\/sl\/wp-json\/wp\/v2\/product_tag?post=14504803"}],"curies":[{"name":"wp","href":"https:\/\/api.w.org\/{rel}","templated":true}]}}