{"id":14504875,"date":"2026-04-06T12:21:02","date_gmt":"2026-04-06T10:21:02","guid":{"rendered":"https:\/\/saluxe.eu\/?post_type=product&#038;p=14504875"},"modified":"2026-04-06T12:27:13","modified_gmt":"2026-04-06T10:27:13","slug":"ametist-in-rojstvo-morskega-konjicka","status":"publish","type":"product","link":"https:\/\/saluxe.eu\/sl\/izdelek\/ametist-in-rojstvo-morskega-konjicka\/","title":{"rendered":"Ametist in rojstvo morskega konji\u010dka"},"content":{"rendered":"","protected":false},"excerpt":{"rendered":"<p>Ametist in rojstvo morskega konji\u010dka je izvirno unikatno umetni\u0161ko delo umetnice s kristali N\u00f3re Baka, ustvarjeno z akrilom na platnu in dopolnjeno s pravim ametistom. Slika je v celoti izdelana ro\u010dno. Navdihuje jo nenavaden cikel rojstva morskega konji\u010dka, ume\u0161\u010den v podvodno ametistno geodo. Tiso\u010di ametistnih kristalov simbolizirajo novorojene morske konji\u010dke, organske oblike in sam nastanek geode.<\/p>\n<p><strong>Podrobnosti umetni\u0161kega dela:<\/strong><\/p>\n<ul class=\"product-dsc-checklist\">\n<li>Del kolekcije <strong>Ametist: \u010dude\u017e vesolja<\/strong><\/li>\n<li>Sodelovanje Saluxe \u00d7 N\u00f3ra Baka<\/li>\n<li>Izvirno, unikatno umetni\u0161ko delo<\/li>\n<li>Materiali: pravi ametistni kristali, akril na platnu<\/li>\n<li>Pripravljeno za obe\u0161anje<\/li>\n<\/ul>\n","protected":false},"featured_media":14504871,"template":"","meta":[],"product_brand":[],"product_cat":[2800170],"product_tag":[],"class_list":{"0":"post-14504875","1":"product","2":"type-product","3":"status-publish","4":"has-post-thumbnail","6":"product_cat-umetnine-z-ametistom","8":"first","9":"instock","10":"sold-individually","11":"taxable","12":"shipping-taxable","13":"purchasable","14":"product-type-simple"},"_links":{"self":[{"href":"https:\/\/saluxe.eu\/sl\/wp-json\/wp\/v2\/product\/14504875","targetHints":{"allow":["GET"]}}],"collection":[{"href":"https:\/\/saluxe.eu\/sl\/wp-json\/wp\/v2\/product"}],"about":[{"href":"https:\/\/saluxe.eu\/sl\/wp-json\/wp\/v2\/types\/product"}],"wp:featuredmedia":[{"embeddable":true,"href":"https:\/\/saluxe.eu\/sl\/wp-json\/wp\/v2\/media\/14504871"}],"wp:attachment":[{"href":"https:\/\/saluxe.eu\/sl\/wp-json\/wp\/v2\/media?parent=14504875"}],"wp:term":[{"taxonomy":"product_brand","embeddable":true,"href":"https:\/\/saluxe.eu\/sl\/wp-json\/wp\/v2\/product_brand?post=14504875"},{"taxonomy":"product_cat","embeddable":true,"href":"https:\/\/saluxe.eu\/sl\/wp-json\/wp\/v2\/product_cat?post=14504875"},{"taxonomy":"product_tag","embeddable":true,"href":"https:\/\/saluxe.eu\/sl\/wp-json\/wp\/v2\/product_tag?post=14504875"}],"curies":[{"name":"wp","href":"https:\/\/api.w.org\/{rel}","templated":true}]}}