{"id":15005177,"date":"2026-05-13T10:59:49","date_gmt":"2026-05-13T08:59:49","guid":{"rendered":"https:\/\/saluxe.eu\/?post_type=product&#038;p=15005177"},"modified":"2026-05-14T18:00:30","modified_gmt":"2026-05-14T16:00:30","slug":"mala-ametistna-geoda-st-3-16-cm","status":"publish","type":"product","link":"https:\/\/saluxe.eu\/sl\/izdelek\/mala-ametistna-geoda-st-3-16-cm\/","title":{"rendered":"Mala ametistna geoda \u0161t. 3 \u2013 16 cm"},"content":{"rendered":"\n<div class=\"wp-block-columns is-layout-flex wp-container-core-columns-is-layout-9d6595d7 wp-block-columns-is-layout-flex\">\n<div class=\"wp-block-column is-layout-flow wp-block-column-is-layout-flow\">\n<p class=\"wp-block-wd-paragraph wd-7c266a23\">Mala ametistna geoda \u0161t. 3 ima vitko, pokon\u010dno obliko, z odprto kristalno ploskvijo, ki poteka skoraj po celotni vi\u0161ini kosa.<\/p>\n\n\n\n<p class=\"wp-block-wd-paragraph wd-78ca5051\">V notranjosti se ka\u017eejo izraziti vijoli\u010dni odtenki, s temnej\u0161imi kristalnimi vr\u0161i\u010dki bli\u017eje sredini in svetlej\u0161imi vijoli\u010dnimi kristali, ki ob robovih lepo ujamejo svetlobo. Bel kremenov rob geodi daje jasen obris, naravna siva hrbtna stran pa s strani ohranja njen surov mineralni zna\u010daj.<\/p>\n\n\n\n<p class=\"wp-block-wd-paragraph wd-4c693d55\">Z vi\u0161ino 16 cm ostaja kompaktna, vendar zaradi pokon\u010dne oblike deluje bolj skulpturalno. To je to\u010dno ta ametistna geoda, ki je prikazana na fotografijah, osebno izbrana zaradi svoje barve, oblike in zna\u010daja.<\/p>\n<\/div>\n\n\n\n<div class=\"wp-block-column is-layout-flow wp-block-column-is-layout-flow\">\n<h4 class=\"wp-block-heading\">Podrobnosti o izdelku<\/h4>\n\n\n\n<ul class=\"wp-block-wd-list wd-list wd-type-unordered wd-style-default wd-36ecffe2\">\n<li class=\"wp-block-wd-list-item wd-a1732b67\"><div class=\"wd-icon\"><\/div><span class=\"wd-list-content\"><strong>Izvor<\/strong>: Brazilija<\/span><\/li>\n\n\n\n<li class=\"wp-block-wd-list-item wd-2f0c9eaf\"><div class=\"wd-icon\"><\/div><span class=\"wd-list-content\"><strong>Barva<\/strong>: Izrazito vijoli\u010dna kristalna sredica s svetlej\u0161imi vijoli\u010dnimi vr\u0161i\u010dki, belimi robovi kremena in naravno sivo bazaltno hrbtno stranjo.<\/span><\/li>\n\n\n\n<li class=\"wp-block-wd-list-item wd-5853442a\"><div class=\"wd-icon\"><\/div><span class=\"wd-list-content\"><strong>Razpolo\u017eljivost<\/strong>: Na voljo le en primerek \u2013 prikazan na fotografijah<\/span><\/li>\n<\/ul>\n\n\n\n<p class=\"wp-block-wd-paragraph wd-357929c0\"><em>Vsak kos iz kolekcije Saluxe je pravi dragulj narave \u2013 izbran zaradi svoje lepote, zna\u010daja in ob\u010dutka miru, ki ga prinese v prostor.<\/em><\/p>\n<\/div>\n<\/div>\n","protected":false},"excerpt":{"rendered":"<p>Osebno izbrana ametistna geoda iz Brazilije meri 16 cm in ima visoko in ozko obliko z izrazito vijoli\u010dnimi kristalnimi vr\u0161i\u010dki ter svetlej\u0161imi vijoli\u010dnimi prehodi. Zaradi pokon\u010dne oblike deluje izraziteje, kot bi pri\u010dakovali pri njeni velikosti, zato se lepo umesti na polico, pisalno mizo, no\u010dno omarico ali v manj\u0161i dekorativni koti\u010dek.<\/p>\n<ul class=\"product-dsc-checklist\">\n<li>Naravni ametist, osebno izbran zaradi barve, oblike in zna\u010daja.<\/li>\n<li>Prejmete to\u010dno ta ametist, ki je prikazan na fotografijah.<\/li>\n<li>Skrbno zapakiran za varno dostavo.<\/li>\n<li>Energijsko o\u010di\u0161\u010den in pripravljen, da v va\u0161 prostor prinese ravnovesje in harmonijo.<\/li>\n<li>Brezpla\u010dna dostava po vsej EU.<\/li>\n<\/ul>\n","protected":false},"featured_media":15005071,"template":"","meta":[],"product_brand":[],"product_cat":[3000185],"product_tag":[],"class_list":{"0":"post-15005177","1":"product","2":"type-product","3":"status-publish","4":"has-post-thumbnail","6":"product_cat-male-ametistne-geode","8":"first","9":"instock","10":"sold-individually","11":"taxable","12":"shipping-taxable","13":"purchasable","14":"product-type-simple"},"_links":{"self":[{"href":"https:\/\/saluxe.eu\/sl\/wp-json\/wp\/v2\/product\/15005177","targetHints":{"allow":["GET"]}}],"collection":[{"href":"https:\/\/saluxe.eu\/sl\/wp-json\/wp\/v2\/product"}],"about":[{"href":"https:\/\/saluxe.eu\/sl\/wp-json\/wp\/v2\/types\/product"}],"wp:featuredmedia":[{"embeddable":true,"href":"https:\/\/saluxe.eu\/sl\/wp-json\/wp\/v2\/media\/15005071"}],"wp:attachment":[{"href":"https:\/\/saluxe.eu\/sl\/wp-json\/wp\/v2\/media?parent=15005177"}],"wp:term":[{"taxonomy":"product_brand","embeddable":true,"href":"https:\/\/saluxe.eu\/sl\/wp-json\/wp\/v2\/product_brand?post=15005177"},{"taxonomy":"product_cat","embeddable":true,"href":"https:\/\/saluxe.eu\/sl\/wp-json\/wp\/v2\/product_cat?post=15005177"},{"taxonomy":"product_tag","embeddable":true,"href":"https:\/\/saluxe.eu\/sl\/wp-json\/wp\/v2\/product_tag?post=15005177"}],"curies":[{"name":"wp","href":"https:\/\/api.w.org\/{rel}","templated":true}]}}