{"id":15005179,"date":"2026-05-13T11:14:20","date_gmt":"2026-05-13T09:14:20","guid":{"rendered":"https:\/\/saluxe.eu\/?post_type=product&#038;p=15005179"},"modified":"2026-05-14T18:03:46","modified_gmt":"2026-05-14T16:03:46","slug":"mala-ametistna-geoda-st-4-9-cm","status":"publish","type":"product","link":"https:\/\/saluxe.eu\/sl\/izdelek\/mala-ametistna-geoda-st-4-9-cm\/","title":{"rendered":"Mala ametistna geoda \u0161t. 4 \u2013 9 cm"},"content":{"rendered":"\n<div class=\"wp-block-columns is-layout-flex wp-container-core-columns-is-layout-9d6595d7 wp-block-columns-is-layout-flex\">\n<div class=\"wp-block-column is-layout-flow wp-block-column-is-layout-flow\">\n<p class=\"wp-block-wd-paragraph wd-79ee47a8\">Mala ametistna geoda \u0161t. 4 ima nizko, kompaktno obliko s \u0161iroko odprto kristalno ploskvijo.<\/p>\n\n\n\n<p class=\"wp-block-wd-paragraph wd-54af5499\">V notranjosti se prepletajo srednje vijoli\u010dni in temnej\u0161i, globlji odtenki, najizrazitej\u0161a barva pa je zbrana proti eni strani kristalne odprtine. Svetlej\u0161i kristalni vr\u0161i\u010dki in bel kremenov rob ustvarijo mehak kontrast, naravna siva bazaltna hrbtna stran pa s strani ohranja njen surov mineralni zna\u010daj.<\/p>\n\n\n\n<p class=\"wp-block-wd-paragraph wd-40cfec1a\">Z vi\u0161ino 9 cm je to ena la\u017eje umestljivih geod za manj\u0161e prostore. Lepo se poda na pisalno mizo, polico, no\u010dno omarico ali kot del manj\u0161e kristalne postavitve. To je to\u010dno ta ametistna geoda, ki je prikazana na fotografijah, osebno izbrana zaradi svoje barve, oblike in zna\u010daja.<\/p>\n<\/div>\n\n\n\n<div class=\"wp-block-column is-layout-flow wp-block-column-is-layout-flow\">\n<h4 class=\"wp-block-heading\">Podrobnosti o izdelku<\/h4>\n\n\n\n<ul class=\"wp-block-wd-list wd-list wd-type-unordered wd-style-default wd-be830591\">\n<li class=\"wp-block-wd-list-item wd-21b924fc\"><div class=\"wd-icon\"><\/div><span class=\"wd-list-content\"><strong>Izvor<\/strong>: Brazilija<\/span><\/li>\n\n\n\n<li class=\"wp-block-wd-list-item wd-b32b9c88\"><div class=\"wd-icon\"><\/div><span class=\"wd-list-content\"><strong>Barva<\/strong>: Srednje vijoli\u010dni in temnej\u0161i kristalni odtenki s svetlej\u0161imi vr\u0161i\u010dki, belimi robovi kremena in naravno sivo bazaltno hrbtno stranjo.<\/span><\/li>\n\n\n\n<li class=\"wp-block-wd-list-item wd-c38bd5fd\"><div class=\"wd-icon\"><\/div><span class=\"wd-list-content\"><strong>Razpolo\u017eljivost<\/strong>: Na voljo le en primerek \u2013 prikazan na fotografijah<\/span><\/li>\n<\/ul>\n\n\n\n<p class=\"wp-block-wd-paragraph wd-e76dd844\"><em>Vsak kos iz kolekcije Saluxe je pravi dragulj narave \u2013 izbran zaradi svoje lepote, zna\u010daja in ob\u010dutka miru, ki ga prinese v prostor.<\/em><\/p>\n<\/div>\n<\/div>\n","protected":false},"excerpt":{"rendered":"<p>Osebno izbrana ametistna geoda iz Brazilije meri 9 cm in ima \u0161iroko odprto kristalno ploskev z bogatimi vijoli\u010dnimi odtenki, svetlej\u0161imi prehodi in naravnim belim robom kremena. Zaradi nizke, kompaktne oblike se zlahka umesti na polico, pisalno mizo, no\u010dno omarico ali v manj\u0161i dekorativni koti\u010dek.<\/p>\n<ul class=\"product-dsc-checklist\">\n<li>Naravni ametist, osebno izbran zaradi barve, oblike in zna\u010daja.<\/li>\n<li>Prejmete to\u010dno ta ametist, ki je prikazan na fotografijah.<\/li>\n<li>Skrbno zapakiran za varno dostavo.<\/li>\n<li>Energijsko o\u010di\u0161\u010den in pripravljen, da v va\u0161 prostor prinese ravnovesje in harmonijo.<\/li>\n<li>Brezpla\u010dna dostava po vsej EU.<\/li>\n<\/ul>\n","protected":false},"featured_media":15005077,"template":"","meta":[],"product_brand":[],"product_cat":[3000185],"product_tag":[],"class_list":{"0":"post-15005179","1":"product","2":"type-product","3":"status-publish","4":"has-post-thumbnail","6":"product_cat-male-ametistne-geode","8":"first","9":"instock","10":"sold-individually","11":"taxable","12":"shipping-taxable","13":"purchasable","14":"product-type-simple"},"_links":{"self":[{"href":"https:\/\/saluxe.eu\/sl\/wp-json\/wp\/v2\/product\/15005179","targetHints":{"allow":["GET"]}}],"collection":[{"href":"https:\/\/saluxe.eu\/sl\/wp-json\/wp\/v2\/product"}],"about":[{"href":"https:\/\/saluxe.eu\/sl\/wp-json\/wp\/v2\/types\/product"}],"wp:featuredmedia":[{"embeddable":true,"href":"https:\/\/saluxe.eu\/sl\/wp-json\/wp\/v2\/media\/15005077"}],"wp:attachment":[{"href":"https:\/\/saluxe.eu\/sl\/wp-json\/wp\/v2\/media?parent=15005179"}],"wp:term":[{"taxonomy":"product_brand","embeddable":true,"href":"https:\/\/saluxe.eu\/sl\/wp-json\/wp\/v2\/product_brand?post=15005179"},{"taxonomy":"product_cat","embeddable":true,"href":"https:\/\/saluxe.eu\/sl\/wp-json\/wp\/v2\/product_cat?post=15005179"},{"taxonomy":"product_tag","embeddable":true,"href":"https:\/\/saluxe.eu\/sl\/wp-json\/wp\/v2\/product_tag?post=15005179"}],"curies":[{"name":"wp","href":"https:\/\/api.w.org\/{rel}","templated":true}]}}