{"id":15005181,"date":"2026-05-13T11:51:36","date_gmt":"2026-05-13T09:51:36","guid":{"rendered":"https:\/\/saluxe.eu\/?post_type=product&#038;p=15005181"},"modified":"2026-05-14T18:07:48","modified_gmt":"2026-05-14T16:07:48","slug":"mala-ametistna-geoda-st-6-14-cm","status":"publish","type":"product","link":"https:\/\/saluxe.eu\/sl\/izdelek\/mala-ametistna-geoda-st-6-14-cm\/","title":{"rendered":"Mala ametistna geoda \u0161t. 6 \u2013 14 cm"},"content":{"rendered":"\n<div class=\"wp-block-columns is-layout-flex wp-container-core-columns-is-layout-9d6595d7 wp-block-columns-is-layout-flex\">\n<div class=\"wp-block-column is-layout-flow wp-block-column-is-layout-flow\">\n<p class=\"wp-block-wd-paragraph wd-b2005529\">Mala ametistna geoda \u0161t. 6 ima zaobljeno, pokon\u010dno obliko, z globoko kristalno votlino v svetlej\u0161em kremenovem in ahatnem robu.<\/p>\n\n\n\n<p class=\"wp-block-wd-paragraph wd-3f4779c6\">V sredini se ka\u017eejo temno vijoli\u010dni kristalni vr\u0161i\u010dki, okoli odprtine pa svetlej\u0161i kristali lepo ujamejo svetlobo. Zunanji rob vklju\u010duje kremasto bel kremen in ne\u017ene zelenkasto sive ahatne plasti, ki kosu s strani dodajo ve\u010d vizualne globine.<\/p>\n\n\n\n<p class=\"wp-block-wd-paragraph wd-c6dc102e\">Z vi\u0161ino 14 cm ostaja kompaktna, vendar ima izrazit mineralni zna\u010daj. Lepo se poda na polico, pisalno mizo, no\u010dno omarico ali kot del manj\u0161e kristalne postavitve. To je to\u010dno ta ametistna geoda, ki je prikazana na fotografijah, osebno izbrana zaradi svoje barve, oblike in zna\u010daja.<\/p>\n<\/div>\n\n\n\n<div class=\"wp-block-column is-layout-flow wp-block-column-is-layout-flow\">\n<h4 class=\"wp-block-heading\">Podrobnosti o izdelku<\/h4>\n\n\n\n<ul class=\"wp-block-wd-list wd-list wd-type-unordered wd-style-default wd-6c082bdb\">\n<li class=\"wp-block-wd-list-item wd-91d403a7\"><div class=\"wd-icon\"><\/div><span class=\"wd-list-content\"><strong>Izvor<\/strong>: Brazilija<\/span><\/li>\n\n\n\n<li class=\"wp-block-wd-list-item wd-9e2faed9\"><div class=\"wd-icon\"><\/div><span class=\"wd-list-content\"><strong>Barva<\/strong>: Izrazito vijoli\u010dna kristalna sredica s svetlej\u0161imi vijoli\u010dnimi vr\u0161i\u010dki, belimi robovi kremena, ne\u017enimi ahatnimi plastmi in naravnimi sivimi bazaltnimi stranicami.<\/span><\/li>\n\n\n\n<li class=\"wp-block-wd-list-item wd-2ec0de86\"><div class=\"wd-icon\"><\/div><span class=\"wd-list-content\"><strong>Razpolo\u017eljivost<\/strong>: Na voljo le en primerek \u2013 prikazan na fotografijah<\/span><\/li>\n<\/ul>\n\n\n\n<p class=\"wp-block-wd-paragraph wd-9888b2f3\"><em>Vsak kos iz kolekcije Saluxe je pravi dragulj narave \u2013 izbran zaradi svoje lepote, zna\u010daja in ob\u010dutka miru, ki ga prinese v prostor.<\/em><\/p>\n<\/div>\n<\/div>\n","protected":false},"excerpt":{"rendered":"<p>Osebno izbrana ametistna geoda iz Brazilije meri 14 cm in ima globoko kristalno odprtino z izrazito vijoli\u010dno sredico, svetlej\u0161imi vijoli\u010dnimi vr\u0161i\u010dki, belim kremenom in ne\u017enimi ahatnimi plastmi. Zaradi kompaktne, pokon\u010dne oblike ima dovolj prisotnosti za polico, pisalno mizo, no\u010dno omarico ali manj\u0161i dekorativni koti\u010dek.<\/p>\n<ul class=\"product-dsc-checklist\">\n<li>Naravni ametist, osebno izbran zaradi barve, oblike in zna\u010daja.<\/li>\n<li>Prejmete to\u010dno ta ametist, ki je prikazan na fotografijah.<\/li>\n<li>Skrbno zapakiran za varno dostavo.<\/li>\n<li>Energijsko o\u010di\u0161\u010den in pripravljen, da v va\u0161 prostor prinese ravnovesje in harmonijo.<\/li>\n<li>Brezpla\u010dna dostava po vsej EU.<\/li>\n<\/ul>\n","protected":false},"featured_media":15005089,"template":"","meta":[],"product_brand":[],"product_cat":[3000185],"product_tag":[],"class_list":{"0":"post-15005181","1":"product","2":"type-product","3":"status-publish","4":"has-post-thumbnail","6":"product_cat-male-ametistne-geode","8":"first","9":"instock","10":"sold-individually","11":"taxable","12":"shipping-taxable","13":"purchasable","14":"product-type-simple"},"_links":{"self":[{"href":"https:\/\/saluxe.eu\/sl\/wp-json\/wp\/v2\/product\/15005181","targetHints":{"allow":["GET"]}}],"collection":[{"href":"https:\/\/saluxe.eu\/sl\/wp-json\/wp\/v2\/product"}],"about":[{"href":"https:\/\/saluxe.eu\/sl\/wp-json\/wp\/v2\/types\/product"}],"wp:featuredmedia":[{"embeddable":true,"href":"https:\/\/saluxe.eu\/sl\/wp-json\/wp\/v2\/media\/15005089"}],"wp:attachment":[{"href":"https:\/\/saluxe.eu\/sl\/wp-json\/wp\/v2\/media?parent=15005181"}],"wp:term":[{"taxonomy":"product_brand","embeddable":true,"href":"https:\/\/saluxe.eu\/sl\/wp-json\/wp\/v2\/product_brand?post=15005181"},{"taxonomy":"product_cat","embeddable":true,"href":"https:\/\/saluxe.eu\/sl\/wp-json\/wp\/v2\/product_cat?post=15005181"},{"taxonomy":"product_tag","embeddable":true,"href":"https:\/\/saluxe.eu\/sl\/wp-json\/wp\/v2\/product_tag?post=15005181"}],"curies":[{"name":"wp","href":"https:\/\/api.w.org\/{rel}","templated":true}]}}