{"id":15005184,"date":"2026-05-13T12:22:11","date_gmt":"2026-05-13T10:22:11","guid":{"rendered":"https:\/\/saluxe.eu\/?post_type=product&#038;p=15005184"},"modified":"2026-05-14T18:12:04","modified_gmt":"2026-05-14T16:12:04","slug":"ametistna-druza-na-stojalu-st-1-9-cm","status":"publish","type":"product","link":"https:\/\/saluxe.eu\/sl\/izdelek\/ametistna-druza-na-stojalu-st-1-9-cm\/","title":{"rendered":"Ametistna druza na stojalu \u0161t. 1 \u2013 9 cm"},"content":{"rendered":"\n<div class=\"wp-block-columns is-layout-flex wp-container-core-columns-is-layout-9d6595d7 wp-block-columns-is-layout-flex\">\n<div class=\"wp-block-column is-layout-flow wp-block-column-is-layout-flow\">\n<p class=\"wp-block-wd-paragraph wd-ed91fe15\">Ametistna druza na stojalu \u0161t. 1 ima kompaktno, rahlo pravokotno obliko, z odprtimi kristalnimi vr\u0161i\u010dki, ki so lepo vidni s sprednje strani.<\/p>\n\n\n\n<p class=\"wp-block-wd-paragraph wd-1d07bceb\">Kristalna ploskev ka\u017ee izrazite vijoli\u010dne tone v sredini, proti robovom pa svetlej\u0161i vijoli\u010dni vr\u0161i\u010dki ne\u017eno ujamejo svetlobo. Ob spodnjem robu se pojavljajo subtilne zelenkasto-modre mineralne plasti, ki dodajo naraven kontrast, surova kamnita hrbtna stran pa ohranja mineralni zna\u010daj kosa.<\/p>\n\n\n\n<p class=\"wp-block-wd-paragraph wd-9ea6b69d\">Z vi\u0161ino 9 cm je majhna, vendar vizualno dovolj izrazita. \u010crno kovinsko stojalo ji doda vi\u0161ino in omogo\u010da, da se zlahka umesti na polico, pisalno mizo, no\u010dno omarico ali v manj\u0161o kristalno postavitev. To je to\u010dno ta ametistna druza, ki je prikazana na fotografijah, osebno izbrana zaradi svoje barve, oblike in zna\u010daja.<\/p>\n<\/div>\n\n\n\n<div class=\"wp-block-column is-layout-flow wp-block-column-is-layout-flow\">\n<h4 class=\"wp-block-heading\">Podrobnosti o izdelku<\/h4>\n\n\n\n<ul class=\"wp-block-wd-list wd-list wd-type-unordered wd-style-default wd-bf2f99ff\">\n<li class=\"wp-block-wd-list-item wd-095aa8f4\"><div class=\"wd-icon\"><\/div><span class=\"wd-list-content\"><strong>Izvor<\/strong>: Brazilija<\/span><\/li>\n\n\n\n<li class=\"wp-block-wd-list-item wd-c932c7f2\"><div class=\"wd-icon\"><\/div><span class=\"wd-list-content\"><strong>Barva<\/strong>: Izrazito vijoli\u010dni kristalni vr\u0161i\u010dki s svetlej\u0161imi vijoli\u010dnimi poudarki, subtilnimi zelenkasto-modrimi mineralnimi plastmi in naravno sivo-rjavo kamnito hrbtno stranjo.<\/span><\/li>\n\n\n\n<li class=\"wp-block-wd-list-item wd-bdb077ef\"><div class=\"wd-icon\"><\/div><span class=\"wd-list-content\"><strong>Razpolo\u017eljivost<\/strong>: Na voljo le en primerek \u2013 prikazan na fotografijah<\/span><\/li>\n<\/ul>\n\n\n\n<p class=\"wp-block-wd-paragraph wd-c16851aa\"><em>Vsak kos iz kolekcije Saluxe je pravi dragulj narave \u2013 izbran zaradi svoje lepote, zna\u010daja in ob\u010dutka miru, ki ga prinese v prostor.<\/em><\/p>\n<\/div>\n<\/div>\n","protected":false},"excerpt":{"rendered":"<p>Osebno izbrana ametistna druza iz Brazilije meri 9 cm in ima izrazito vijoli\u010dne kristalne vr\u0161i\u010dke s svetlej\u0161imi vijoli\u010dnimi poudarki ter naravno mineralno hrbtno stranjo. Na \u010drnem kovinskem stojalu kljub kompaktni velikosti deluje kot majhen skulpturalni poudarek za polico, pisalno mizo, no\u010dno omarico ali manj\u0161i dekorativni koti\u010dek.<\/p>\n<ul class=\"product-dsc-checklist\">\n<li>Naravni ametist, osebno izbran zaradi barve, oblike in zna\u010daja.<\/li>\n<li>Prejmete to\u010dno ta ametist, ki je prikazan na fotografijah.<\/li>\n<li>Skrbno zapakiran za varno dostavo.<\/li>\n<li>Energijsko o\u010di\u0161\u010den in pripravljen, da v va\u0161 prostor prinese ravnovesje in harmonijo.<\/li>\n<li>Brezpla\u010dna dostava po vsej EU.<\/li>\n<\/ul>\n","protected":false},"featured_media":15005095,"template":"","meta":[],"product_brand":[],"product_cat":[3000184],"product_tag":[],"class_list":{"0":"post-15005184","1":"product","2":"type-product","3":"status-publish","4":"has-post-thumbnail","6":"product_cat-ametistne-druze-na-stojalu","8":"first","9":"instock","10":"sold-individually","11":"taxable","12":"shipping-taxable","13":"purchasable","14":"product-type-simple"},"_links":{"self":[{"href":"https:\/\/saluxe.eu\/sl\/wp-json\/wp\/v2\/product\/15005184","targetHints":{"allow":["GET"]}}],"collection":[{"href":"https:\/\/saluxe.eu\/sl\/wp-json\/wp\/v2\/product"}],"about":[{"href":"https:\/\/saluxe.eu\/sl\/wp-json\/wp\/v2\/types\/product"}],"wp:featuredmedia":[{"embeddable":true,"href":"https:\/\/saluxe.eu\/sl\/wp-json\/wp\/v2\/media\/15005095"}],"wp:attachment":[{"href":"https:\/\/saluxe.eu\/sl\/wp-json\/wp\/v2\/media?parent=15005184"}],"wp:term":[{"taxonomy":"product_brand","embeddable":true,"href":"https:\/\/saluxe.eu\/sl\/wp-json\/wp\/v2\/product_brand?post=15005184"},{"taxonomy":"product_cat","embeddable":true,"href":"https:\/\/saluxe.eu\/sl\/wp-json\/wp\/v2\/product_cat?post=15005184"},{"taxonomy":"product_tag","embeddable":true,"href":"https:\/\/saluxe.eu\/sl\/wp-json\/wp\/v2\/product_tag?post=15005184"}],"curies":[{"name":"wp","href":"https:\/\/api.w.org\/{rel}","templated":true}]}}