{"id":15005186,"date":"2026-05-13T12:55:01","date_gmt":"2026-05-13T10:55:01","guid":{"rendered":"https:\/\/saluxe.eu\/?post_type=product&#038;p=15005186"},"modified":"2026-05-14T18:20:27","modified_gmt":"2026-05-14T16:20:27","slug":"ametistna-druza-na-stojalu-st-3-17-cm","status":"publish","type":"product","link":"https:\/\/saluxe.eu\/sl\/izdelek\/ametistna-druza-na-stojalu-st-3-17-cm\/","title":{"rendered":"Ametistna druza na stojalu \u0161t. 3 \u2013 17 cm"},"content":{"rendered":"\n<div class=\"wp-block-columns is-layout-flex wp-container-core-columns-is-layout-9d6595d7 wp-block-columns-is-layout-flex\">\n<div class=\"wp-block-column is-layout-flow wp-block-column-is-layout-flow\">\n<div class=\"wp-block-columns is-layout-flex wp-container-core-columns-is-layout-9d6595d7 wp-block-columns-is-layout-flex\">\n<div class=\"wp-block-column is-layout-flow wp-block-column-is-layout-flow\">\n<p class=\"wp-block-wd-paragraph wd-4dd80603\">Ametistna druza na stojalu \u0161t. 3 ima ozko, pokon\u010dno obliko, s kristalno ploskvijo, ki poteka po sprednji strani kosa.<\/p>\n\n\n\n<p class=\"wp-block-wd-paragraph wd-c7795569\">Kristali v sredini ka\u017eejo bogate vijoli\u010dne tone, ob zunanjih robovih pa se pojavijo svetlej\u0161i vijoli\u010dni vr\u0161i\u010dki in ne\u017eni poudarki svetlega kremena. Naravna siva kamnita hrbtna stran ostaja vidna s strani in ustvarja surov mineralni kontrast s preprostim \u010drnim kovinskim stojalom.<\/p>\n\n\n\n<p class=\"wp-block-wd-paragraph wd-6ab62b5b\">Z vi\u0161ino 17 cm deluje bolj pokon\u010dno in izrazito kot manj\u0161e druze v tej kolekciji. Zlahka se umesti na polico, pisalno mizo, komodo ali no\u010dno omarico, \u0161e posebej tam, kjer bolje deluje o\u017eji dekorativni poudarek. To je to\u010dno ta ametistna druza, ki je prikazana na fotografijah, osebno izbrana zaradi svoje barve, oblike in zna\u010daja.<\/p>\n<\/div>\n\n\n\n<div class=\"wp-block-column is-layout-flow wp-block-column-is-layout-flow\">\n<h4 class=\"wp-block-heading\">Podrobnosti o izdelku<\/h4>\n\n\n\n<ul class=\"wp-block-wd-list wd-list wd-type-unordered wd-style-default wd-0bc21f08\">\n<li class=\"wp-block-wd-list-item wd-ce5d0535\"><div class=\"wd-icon\"><\/div><span class=\"wd-list-content\"><strong>Izvor<\/strong>: Brazilija<\/span><\/li>\n\n\n\n<li class=\"wp-block-wd-list-item wd-94f99930\"><div class=\"wd-icon\"><\/div><span class=\"wd-list-content\"><strong>Barva<\/strong>: Izrazito vijoli\u010dni kristalni vr\u0161i\u010dki s svetlej\u0161imi vijoli\u010dnimi robovi, ne\u017enimi poudarki svetlega kremena in naravno sivo kamnito hrbtno stranjo.<\/span><\/li>\n\n\n\n<li class=\"wp-block-wd-list-item wd-ac3d17d7\"><div class=\"wd-icon\"><\/div><span class=\"wd-list-content\"><strong>Razpolo\u017eljivost<\/strong>: Na voljo le en primerek \u2013 prikazan na fotografijah<\/span><\/li>\n<\/ul>\n\n\n\n<p class=\"wp-block-wd-paragraph wd-61ffaed6\"><em>Vsak kos iz kolekcije Saluxe je pravi dragulj narave \u2013 izbran zaradi svoje lepote, zna\u010daja in ob\u010dutka miru, ki ga prinese v prostor.<\/em><\/p>\n<\/div>\n<\/div>\n<\/div>\n<\/div>\n","protected":false},"excerpt":{"rendered":"<p>Osebno izbrana ametistna druza iz Brazilije meri 17 cm in ima vitko, pokon\u010dno obliko z izrazito vijoli\u010dnimi kristalnimi vr\u0161i\u010dki, svetlej\u0161imi vijoli\u010dnimi robovi in naravno sivo kamnito hrbtno stranjo. Na \u010drnem kovinskem stojalu deluje kot vitkej\u0161i skulpturalni poudarek za polico, pisalno mizo, komodo ali no\u010dno omarico.<\/p>\n<ul class=\"product-dsc-checklist\">\n<li>Naravni ametist, osebno izbran zaradi barve, oblike in zna\u010daja.<\/li>\n<li>Prejmete to\u010dno ta ametist, ki je prikazan na fotografijah.<\/li>\n<li>Skrbno zapakiran za varno dostavo.<\/li>\n<li>Energijsko o\u010di\u0161\u010den in pripravljen, da v va\u0161 prostor prinese ravnovesje in harmonijo.<\/li>\n<li>Brezpla\u010dna dostava po vsej EU.<\/li>\n<\/ul>\n","protected":false},"featured_media":15005107,"template":"","meta":[],"product_brand":[],"product_cat":[3000184],"product_tag":[],"class_list":{"0":"post-15005186","1":"product","2":"type-product","3":"status-publish","4":"has-post-thumbnail","6":"product_cat-ametistne-druze-na-stojalu","8":"first","9":"instock","10":"sold-individually","11":"taxable","12":"shipping-taxable","13":"purchasable","14":"product-type-simple"},"_links":{"self":[{"href":"https:\/\/saluxe.eu\/sl\/wp-json\/wp\/v2\/product\/15005186","targetHints":{"allow":["GET"]}}],"collection":[{"href":"https:\/\/saluxe.eu\/sl\/wp-json\/wp\/v2\/product"}],"about":[{"href":"https:\/\/saluxe.eu\/sl\/wp-json\/wp\/v2\/types\/product"}],"wp:featuredmedia":[{"embeddable":true,"href":"https:\/\/saluxe.eu\/sl\/wp-json\/wp\/v2\/media\/15005107"}],"wp:attachment":[{"href":"https:\/\/saluxe.eu\/sl\/wp-json\/wp\/v2\/media?parent=15005186"}],"wp:term":[{"taxonomy":"product_brand","embeddable":true,"href":"https:\/\/saluxe.eu\/sl\/wp-json\/wp\/v2\/product_brand?post=15005186"},{"taxonomy":"product_cat","embeddable":true,"href":"https:\/\/saluxe.eu\/sl\/wp-json\/wp\/v2\/product_cat?post=15005186"},{"taxonomy":"product_tag","embeddable":true,"href":"https:\/\/saluxe.eu\/sl\/wp-json\/wp\/v2\/product_tag?post=15005186"}],"curies":[{"name":"wp","href":"https:\/\/api.w.org\/{rel}","templated":true}]}}