{"id":15005188,"date":"2026-05-13T14:17:29","date_gmt":"2026-05-13T12:17:29","guid":{"rendered":"https:\/\/saluxe.eu\/?post_type=product&#038;p=15005188"},"modified":"2026-05-14T18:25:20","modified_gmt":"2026-05-14T16:25:20","slug":"ametistna-druza-na-stojalu-st-4-9-cm","status":"publish","type":"product","link":"https:\/\/saluxe.eu\/sl\/izdelek\/ametistna-druza-na-stojalu-st-4-9-cm\/","title":{"rendered":"Ametistna druza na stojalu \u0161t. 4 \u2013 9 cm"},"content":{"rendered":"\n<div class=\"wp-block-columns is-layout-flex wp-container-core-columns-is-layout-9d6595d7 wp-block-columns-is-layout-flex\">\n<div class=\"wp-block-column is-layout-flow wp-block-column-is-layout-flow\">\n<p class=\"wp-block-wd-paragraph wd-52414d06\">Ametistna druza na stojalu \u0161t. 4 ima kompaktno, skoraj kvadratno kristalno ploskev, s kristali, ki so lepo vidni s sprednje strani.<\/p>\n\n\n\n<p class=\"wp-block-wd-paragraph wd-85d1ab1e\">V sredini se ka\u017eejo globlji vijoli\u010dni odtenki, zunanji vr\u0161i\u010dki pa prehajajo v mehkej\u0161e vijoli\u010dne in svetlo lila tone. Ob strani naravni kamniti rob doda svetlej\u0161i kontrast, zato ima kos ve\u010d globine, kot bi pri\u010dakovali pri njegovi majhni velikosti.<\/p>\n\n\n\n<p class=\"wp-block-wd-paragraph wd-e7d4f586\">Z vi\u0161ino 9 cm se zlahka umesti na polico, pisalno mizo, no\u010dno omarico ali v manj\u0161i dekorativni koti\u010dek, od blizu pa \u0161e vedno pritegne pogled. \u010crno kovinsko stojalo druzi doda urejen skulpturalni obris, ne da bi prekrilo njen naravni zna\u010daj. To je to\u010dno ta ametistna druza, ki je prikazana na fotografijah, osebno izbrana zaradi svoje barve, oblike in zna\u010daja.<\/p>\n<\/div>\n\n\n\n<div class=\"wp-block-column is-layout-flow wp-block-column-is-layout-flow\">\n<h4 class=\"wp-block-heading\">Podrobnosti o izdelku<\/h4>\n\n\n\n<ul class=\"wp-block-wd-list wd-list wd-type-unordered wd-style-default wd-f51f5cae\">\n<li class=\"wp-block-wd-list-item wd-6adf13ab\"><div class=\"wd-icon\"><\/div><span class=\"wd-list-content\"><strong>Izvor<\/strong>: Brazilija<\/span><\/li>\n\n\n\n<li class=\"wp-block-wd-list-item wd-ce23ff61\"><div class=\"wd-icon\"><\/div><span class=\"wd-list-content\"><strong>Barva<\/strong>: Temno vijoli\u010dna kristalna sredica z mehkej\u0161imi vijoli\u010dnimi robovi, svetlo lila poudarki in naravno sivo-be\u017e kamnito hrbtno stranjo.<\/span><\/li>\n\n\n\n<li class=\"wp-block-wd-list-item wd-512f8fbd\"><div class=\"wd-icon\"><\/div><span class=\"wd-list-content\"><strong>Razpolo\u017eljivost<\/strong>: Na voljo le en primerek \u2013 prikazan na fotografijah<\/span><\/li>\n<\/ul>\n\n\n\n<p class=\"wp-block-wd-paragraph wd-a95257ed\"><em>Vsak kos iz kolekcije Saluxe je pravi dragulj narave \u2013 izbran zaradi svoje lepote, zna\u010daja in ob\u010dutka miru, ki ga prinese v prostor.<\/em><\/p>\n<\/div>\n<\/div>\n","protected":false},"excerpt":{"rendered":"<p>Osebno izbrana ametistna druza iz Brazilije meri 9 cm in ima kompaktno kristalno ploskev s temno vijoli\u010dnimi odtenki, mehkej\u0161imi vijoli\u010dnimi robovi in svetlej\u0161o naravno kamnito stranjo. Na \u010drnem kovinskem stojalu deluje kot majhen, lepo izoblikovan naravni poudarek za polico, pisalno mizo, no\u010dno omarico ali dekorativni koti\u010dek.<\/p>\n<ul class=\"product-dsc-checklist\">\n<li>Naravni ametist, osebno izbran zaradi barve, oblike in zna\u010daja.<\/li>\n<li>Prejmete to\u010dno ta ametist, ki je prikazan na fotografijah.<\/li>\n<li>Skrbno zapakiran za varno dostavo.<\/li>\n<li>Energijsko o\u010di\u0161\u010den in pripravljen, da v va\u0161 prostor prinese ravnovesje in harmonijo.<\/li>\n<li>Brezpla\u010dna dostava po vsej EU.<\/li>\n<\/ul>\n","protected":false},"featured_media":15005112,"template":"","meta":[],"product_brand":[],"product_cat":[3000184],"product_tag":[],"class_list":{"0":"post-15005188","1":"product","2":"type-product","3":"status-publish","4":"has-post-thumbnail","6":"product_cat-ametistne-druze-na-stojalu","8":"first","9":"instock","10":"featured","11":"sold-individually","12":"taxable","13":"shipping-taxable","14":"purchasable","15":"product-type-simple"},"_links":{"self":[{"href":"https:\/\/saluxe.eu\/sl\/wp-json\/wp\/v2\/product\/15005188","targetHints":{"allow":["GET"]}}],"collection":[{"href":"https:\/\/saluxe.eu\/sl\/wp-json\/wp\/v2\/product"}],"about":[{"href":"https:\/\/saluxe.eu\/sl\/wp-json\/wp\/v2\/types\/product"}],"wp:featuredmedia":[{"embeddable":true,"href":"https:\/\/saluxe.eu\/sl\/wp-json\/wp\/v2\/media\/15005112"}],"wp:attachment":[{"href":"https:\/\/saluxe.eu\/sl\/wp-json\/wp\/v2\/media?parent=15005188"}],"wp:term":[{"taxonomy":"product_brand","embeddable":true,"href":"https:\/\/saluxe.eu\/sl\/wp-json\/wp\/v2\/product_brand?post=15005188"},{"taxonomy":"product_cat","embeddable":true,"href":"https:\/\/saluxe.eu\/sl\/wp-json\/wp\/v2\/product_cat?post=15005188"},{"taxonomy":"product_tag","embeddable":true,"href":"https:\/\/saluxe.eu\/sl\/wp-json\/wp\/v2\/product_tag?post=15005188"}],"curies":[{"name":"wp","href":"https:\/\/api.w.org\/{rel}","templated":true}]}}