{"id":15005189,"date":"2026-05-13T14:25:49","date_gmt":"2026-05-13T12:25:49","guid":{"rendered":"https:\/\/saluxe.eu\/?post_type=product&#038;p=15005189"},"modified":"2026-05-14T18:25:41","modified_gmt":"2026-05-14T16:25:41","slug":"ametistna-druza-na-stojalu-st-5-10-cm","status":"publish","type":"product","link":"https:\/\/saluxe.eu\/sl\/izdelek\/ametistna-druza-na-stojalu-st-5-10-cm\/","title":{"rendered":"Ametistna druza na stojalu \u0161t. 5 \u2013 10 cm"},"content":{"rendered":"\n<div class=\"wp-block-columns is-layout-flex wp-container-core-columns-is-layout-9d6595d7 wp-block-columns-is-layout-flex\">\n<div class=\"wp-block-column is-layout-flow wp-block-column-is-layout-flow\">\n<p class=\"wp-block-wd-paragraph wd-960336d7\">Ametistna druza na stojalu \u0161t. 5 ima kompaktno, rahlo pravokotno obliko, s kristalno ploskvijo, ki se razpira po sprednji strani kosa.<\/p>\n\n\n\n<p class=\"wp-block-wd-paragraph wd-29638e23\">Kristali prehajajo od srednje do globlje vijoli\u010dnih tonov, svetlej\u0161i vijoli\u010dni vr\u0161i\u010dki in bolj prosojni deli kremena pa ob spodnjem robu ustvarijo naraven kontrast. Surova kamnita hrbtna stran ima sivo-rjavo teksturo, ki kosu s strani in zadaj daje bolj naraven, surov zna\u010daj.<\/p>\n\n\n\n<p class=\"wp-block-wd-paragraph wd-6e78a8c1\">Z vi\u0161ino 10 cm se zlahka umesti na pisalno mizo, polico, no\u010dno omarico ali v manj\u0161i dekorativni koti\u010dek, hkrati pa ostane dovolj opazna tudi v manj\u0161i postavitvi. \u010crno kovinsko stojalo druzi doda vi\u0161ino in urejen obris. To je to\u010dno ta ametistna druza, ki je prikazana na fotografijah, osebno izbrana zaradi svoje barve, oblike in zna\u010daja.<\/p>\n<\/div>\n\n\n\n<div class=\"wp-block-column is-layout-flow wp-block-column-is-layout-flow\">\n<h4 class=\"wp-block-heading\">Podrobnosti o izdelku<\/h4>\n\n\n\n<ul class=\"wp-block-wd-list wd-list wd-type-unordered wd-style-default wd-132b6634\">\n<li class=\"wp-block-wd-list-item wd-62c0b61f\"><div class=\"wd-icon\"><\/div><span class=\"wd-list-content\"><strong>Izvor<\/strong>: Brazilija<\/span><\/li>\n\n\n\n<li class=\"wp-block-wd-list-item wd-c03a9723\"><div class=\"wd-icon\"><\/div><span class=\"wd-list-content\"><strong>Barva<\/strong>: Srednje in globoko vijoli\u010dni kristalni vr\u0161i\u010dki s svetlej\u0161imi vijoli\u010dnimi deli, prosojnimi poudarki kremena in naravno sivo-rjavo kamnito hrbtno stranjo.<\/span><\/li>\n\n\n\n<li class=\"wp-block-wd-list-item wd-3efdeb0d\"><div class=\"wd-icon\"><\/div><span class=\"wd-list-content\"><strong>Razpolo\u017eljivost<\/strong>: Na voljo le en primerek \u2013 prikazan na fotografijah<\/span><\/li>\n<\/ul>\n\n\n\n<p class=\"wp-block-wd-paragraph wd-75c95eab\"><em>Vsak kos iz kolekcije Saluxe je pravi dragulj narave \u2013 izbran zaradi svoje lepote, zna\u010daja in ob\u010dutka miru, ki ga prinese v prostor.<\/em><\/p>\n<\/div>\n<\/div>\n","protected":false},"excerpt":{"rendered":"<p>Osebno izbrana ametistna druza iz Brazilije meri 10 cm in ima kompaktno, rahlo pravokotno obliko z vijoli\u010dnimi kristalnimi vr\u0161i\u010dki, svetlej\u0161imi vijoli\u010dnimi deli in ne\u017enimi poudarki svetlega kremena ob spodnjem robu. Na \u010drnem kovinskem stojalu deluje kot majhen skulpturalni poudarek za polico, pisalno mizo, no\u010dno omarico ali dekorativni koti\u010dek.<\/p>\n<ul class=\"product-dsc-checklist\">\n<li>Naravni ametist, osebno izbran zaradi barve, oblike in zna\u010daja.<\/li>\n<li>Prejmete to\u010dno ta ametist, ki je prikazan na fotografijah.<\/li>\n<li>Skrbno zapakiran za varno dostavo.<\/li>\n<li>Energijsko o\u010di\u0161\u010den in pripravljen, da v va\u0161 prostor prinese ravnovesje in harmonijo.<\/li>\n<li>Brezpla\u010dna dostava po vsej EU.<\/li>\n<\/ul>\n","protected":false},"featured_media":15005117,"template":"","meta":[],"product_brand":[],"product_cat":[3000184],"product_tag":[],"class_list":{"0":"post-15005189","1":"product","2":"type-product","3":"status-publish","4":"has-post-thumbnail","6":"product_cat-ametistne-druze-na-stojalu","8":"first","9":"instock","10":"sold-individually","11":"taxable","12":"shipping-taxable","13":"purchasable","14":"product-type-simple"},"_links":{"self":[{"href":"https:\/\/saluxe.eu\/sl\/wp-json\/wp\/v2\/product\/15005189","targetHints":{"allow":["GET"]}}],"collection":[{"href":"https:\/\/saluxe.eu\/sl\/wp-json\/wp\/v2\/product"}],"about":[{"href":"https:\/\/saluxe.eu\/sl\/wp-json\/wp\/v2\/types\/product"}],"wp:featuredmedia":[{"embeddable":true,"href":"https:\/\/saluxe.eu\/sl\/wp-json\/wp\/v2\/media\/15005117"}],"wp:attachment":[{"href":"https:\/\/saluxe.eu\/sl\/wp-json\/wp\/v2\/media?parent=15005189"}],"wp:term":[{"taxonomy":"product_brand","embeddable":true,"href":"https:\/\/saluxe.eu\/sl\/wp-json\/wp\/v2\/product_brand?post=15005189"},{"taxonomy":"product_cat","embeddable":true,"href":"https:\/\/saluxe.eu\/sl\/wp-json\/wp\/v2\/product_cat?post=15005189"},{"taxonomy":"product_tag","embeddable":true,"href":"https:\/\/saluxe.eu\/sl\/wp-json\/wp\/v2\/product_tag?post=15005189"}],"curies":[{"name":"wp","href":"https:\/\/api.w.org\/{rel}","templated":true}]}}