{"id":15005190,"date":"2026-05-13T14:35:03","date_gmt":"2026-05-13T12:35:03","guid":{"rendered":"https:\/\/saluxe.eu\/?post_type=product&#038;p=15005190"},"modified":"2026-05-14T18:26:01","modified_gmt":"2026-05-14T16:26:01","slug":"ametistna-druza-na-stojalu-st-6-11-cm","status":"publish","type":"product","link":"https:\/\/saluxe.eu\/sl\/izdelek\/ametistna-druza-na-stojalu-st-6-11-cm\/","title":{"rendered":"Ametistna druza na stojalu \u0161t. 6 \u2013 11 cm"},"content":{"rendered":"\n<div class=\"wp-block-columns is-layout-flex wp-container-core-columns-is-layout-9d6595d7 wp-block-columns-is-layout-flex\">\n<div class=\"wp-block-column is-layout-flow wp-block-column-is-layout-flow\">\n<p class=\"wp-block-wd-paragraph wd-fbfbe14f\">Ametistna druza na stojalu \u0161t. 6 ima trikotno, rahlo razprto obliko, s kristalno ploskvijo, ki je jasno vidna s sprednje strani.<\/p>\n\n\n\n<p class=\"wp-block-wd-paragraph wd-6796f97d\">V sredini se ka\u017eejo srednje vijoli\u010dni kristalni toni, ob zgornjih in zunanjih robovih pa svetlej\u0161i vijoli\u010dni vr\u0161i\u010dki. Svetel rob kremena in naravna sivo-be\u017e kamnita hrbtna stran kosu dodata kontrast, \u010drno kovinsko stojalo pa ohranja \u010dist, uravnote\u017een videz.<\/p>\n\n\n\n<p class=\"wp-block-wd-paragraph wd-c196eb61\">Z vi\u0161ino 11 cm ostaja kompaktna, vendar ima izrazit obris. Lepo se poda na polico, pisalno mizo, no\u010dno omarico ali kot del manj\u0161e kristalne postavitve. To je to\u010dno ta ametistna druza, ki je prikazana na fotografijah, osebno izbrana zaradi svoje barve, oblike in zna\u010daja.<\/p>\n<\/div>\n\n\n\n<div class=\"wp-block-column is-layout-flow wp-block-column-is-layout-flow\">\n<h4 class=\"wp-block-heading\">Podrobnosti o izdelku<\/h4>\n\n\n\n<ul class=\"wp-block-wd-list wd-list wd-type-unordered wd-style-default wd-2fd94049\">\n<li class=\"wp-block-wd-list-item wd-a80d9622\"><div class=\"wd-icon\"><\/div><span class=\"wd-list-content\"><strong>Izvor<\/strong>: Brazilija<\/span><\/li>\n\n\n\n<li class=\"wp-block-wd-list-item wd-ca65fce6\"><div class=\"wd-icon\"><\/div><span class=\"wd-list-content\"><strong>Barva<\/strong>: Srednje vijoli\u010dni kristalni vr\u0161i\u010dki s svetlej\u0161imi vijoli\u010dnimi robovi, svetlimi poudarki kremena in naravno sivo-be\u017e kamnito hrbtno stranjo.<\/span><\/li>\n\n\n\n<li class=\"wp-block-wd-list-item wd-4c66d144\"><div class=\"wd-icon\"><\/div><span class=\"wd-list-content\"><strong>Razpolo\u017eljivost<\/strong>: Na voljo le en primerek \u2013 prikazan na fotografijah<\/span><\/li>\n<\/ul>\n\n\n\n<p class=\"wp-block-wd-paragraph wd-90adcd84\"><em>Vsak kos iz kolekcije Saluxe je pravi dragulj narave \u2013 izbran zaradi svoje lepote, zna\u010daja in ob\u010dutka miru, ki ga prinese v prostor.<\/em><\/p>\n<\/div>\n<\/div>\n","protected":false},"excerpt":{"rendered":"<p>Osebno izbrana ametistna druza iz Brazilije meri 11 cm in ima naravno trikotno obliko z vijoli\u010dnimi kristalnimi vr\u0161i\u010dki, mehkej\u0161imi vijoli\u010dnimi robovi in svetlim robom kremena. Na \u010drnem kovinskem stojalu deluje kot kompakten skulpturalni poudarek za polico, pisalno mizo, no\u010dno omarico ali manj\u0161i dekorativni koti\u010dek.<\/p>\n<ul class=\"product-dsc-checklist\">\n<li>Naravni ametist, osebno izbran zaradi barve, oblike in zna\u010daja.<\/li>\n<li>Prejmete to\u010dno ta ametist, ki je prikazan na fotografijah.<\/li>\n<li>Skrbno zapakiran za varno dostavo.<\/li>\n<li>Energijsko o\u010di\u0161\u010den in pripravljen, da v va\u0161 prostor prinese ravnovesje in harmonijo.<\/li>\n<li>Brezpla\u010dna dostava po vsej EU.<\/li>\n<\/ul>\n","protected":false},"featured_media":15005123,"template":"","meta":[],"product_brand":[],"product_cat":[3000184],"product_tag":[],"class_list":{"0":"post-15005190","1":"product","2":"type-product","3":"status-publish","4":"has-post-thumbnail","6":"product_cat-ametistne-druze-na-stojalu","8":"first","9":"instock","10":"sold-individually","11":"taxable","12":"shipping-taxable","13":"purchasable","14":"product-type-simple"},"_links":{"self":[{"href":"https:\/\/saluxe.eu\/sl\/wp-json\/wp\/v2\/product\/15005190","targetHints":{"allow":["GET"]}}],"collection":[{"href":"https:\/\/saluxe.eu\/sl\/wp-json\/wp\/v2\/product"}],"about":[{"href":"https:\/\/saluxe.eu\/sl\/wp-json\/wp\/v2\/types\/product"}],"wp:featuredmedia":[{"embeddable":true,"href":"https:\/\/saluxe.eu\/sl\/wp-json\/wp\/v2\/media\/15005123"}],"wp:attachment":[{"href":"https:\/\/saluxe.eu\/sl\/wp-json\/wp\/v2\/media?parent=15005190"}],"wp:term":[{"taxonomy":"product_brand","embeddable":true,"href":"https:\/\/saluxe.eu\/sl\/wp-json\/wp\/v2\/product_brand?post=15005190"},{"taxonomy":"product_cat","embeddable":true,"href":"https:\/\/saluxe.eu\/sl\/wp-json\/wp\/v2\/product_cat?post=15005190"},{"taxonomy":"product_tag","embeddable":true,"href":"https:\/\/saluxe.eu\/sl\/wp-json\/wp\/v2\/product_tag?post=15005190"}],"curies":[{"name":"wp","href":"https:\/\/api.w.org\/{rel}","templated":true}]}}