{"id":7503193,"date":"2025-10-21T13:13:45","date_gmt":"2025-10-21T11:13:45","guid":{"rendered":"https:\/\/saluxe.eu\/?post_type=product&#038;p=7503193"},"modified":"2026-05-08T13:30:47","modified_gmt":"2026-05-08T11:30:47","slug":"ametist-na-stojalu-st-5-34-cm","status":"publish","type":"product","link":"https:\/\/saluxe.eu\/sl\/izdelek\/ametist-na-stojalu-st-5-34-cm\/","title":{"rendered":"Ametistna geoda na stojalu \u0161t. 5 \u2013 34 cm"},"content":{"rendered":"\n<div class=\"wp-block-columns is-layout-flex wp-container-core-columns-is-layout-9d6595d7 wp-block-columns-is-layout-flex\">\n<div class=\"wp-block-column is-layout-flow wp-block-column-is-layout-flow\">\n<p class=\"wp-block-wd-paragraph wd-953d24a5\">Ta ametistna geoda iz Brazilije ima vitko navpi\u010dno obliko, globoko vijoli\u010dne kristalne konice in  beli kremenov rob, ki sledi naravni odprtini kristalne notranjosti.<\/p>\n\n\n\n<p class=\"wp-block-wd-paragraph wd-4900812e\">Temne bazaltne stranice in hrbtna stran kosu dajejo bolj izrazit, kiparski profil, odprta sprednja stran pa razkriva ozko komoro vijoli\u010dnih kristalov s svetlej\u0161imi prehodi. Z vi\u0161ino 34 cm je dovolj kompaktna za polico, stransko mizico ali pisalno mizo, vendar ji pokon\u010dna oblika daje ve\u010d prisotnosti, kot bi pri\u010dakovali glede na velikost.<\/p>\n\n\n\n<p class=\"wp-block-wd-paragraph wd-f4588551\">Geoda je name\u0161\u010dena na kvadratno \u010drno kovinsko stojalo, zato stoji stabilno in jasno poka\u017ee svojo kristalno povr\u0161ino. Prejmete to\u010dno to ametistno geodo, ki je prikazana na fotografijah; vsak kos je individualno fotografiran in opremljen z individualno o\u0161tevil\u010denim certifikatom pristnosti.<\/p>\n<\/div>\n\n\n\n<div class=\"wp-block-column is-layout-flow wp-block-column-is-layout-flow\">\n<h4 class=\"wp-block-heading\"><strong>Podrobnosti o izdelku<\/strong><\/h4>\n\n\n\n<ul class=\"wp-block-wd-list wd-list wd-type-unordered wd-style-default wd-ea955572\">\n<li class=\"wp-block-wd-list-item wd-ec829944\"><div class=\"wd-icon\"><\/div><span class=\"wd-list-content\"><strong>Izvor<\/strong>: Brazilija<\/span><\/li>\n\n\n\n<li class=\"wp-block-wd-list-item wd-4357ecd6\"><div class=\"wd-icon\"><\/div><span class=\"wd-list-content\"><strong>Barva<\/strong>: Globoko vijoli\u010dna z ne\u017enimi belimi kremenovimi robovi in naravno kristalno teksturo<\/span><\/li>\n\n\n\n<li class=\"wp-block-wd-list-item wd-868ac2c4\"><div class=\"wd-icon\"><\/div><span class=\"wd-list-content\"><strong>Certifikat<\/strong>: Prilo\u017een certifikat pristnosti z unikatno \u0161tevilko<\/span><\/li>\n\n\n\n<li class=\"wp-block-wd-list-item wd-a2153e43\"><div class=\"wd-icon\"><\/div><span class=\"wd-list-content\"><strong>Razpolo\u017eljivost<\/strong>: Na voljo le en primerek \u2013 prikazan na fotografijah<\/span><\/li>\n<\/ul>\n\n\n\n<p class=\"wp-block-wd-paragraph wd-e796bffe\"><em>Vsak kos iz kolekcije Saluxe je pravi dragulj narave \u2013 certificiran, izbran zaradi svoje lepote in zna\u010daja, ki povzdigne va\u0161 prostor in vsakdanjik.<\/em><\/p>\n<\/div>\n<\/div>\n","protected":false},"excerpt":{"rendered":"<p>Osebno izbrana iz Brazilije, ta ametistna geoda na stojalu meri 34 cm in ima vitko navpi\u010dno obliko z globoko vijoli\u010dnimi kristali, mehkim belim kremenovim robom in temnimi bazaltnimi stranicami. Postavljena je na kvadratno \u010drno kovinsko stojalo in v prostor vnese prefinjen naravni poudarek \u2014 na stransko mizico, polico, konzolno mizo ali v meditacijski koti\u010dek.<\/p>\n<ul class=\"product-dsc-checklist\">\n<li>Prejmete to\u010dno to ametistno geodo, ki je prikazana na fotografijah.<\/li>\n<li>Prilo\u017een je individualno o\u0161tevil\u010den certifikat pristnosti.<\/li>\n<li>Pre\u010di\u0161\u010dena in ugla\u0161ena za ob\u010dutek ravnovesje in harmonijo v va\u0161em domu.<\/li>\n<li>Na zahtevo so na voljo dodatne fotografije in zasebni video ogled.<\/li>\n<li>Brezpla\u010dna dostava po vsej EU.<\/li>\n<\/ul>\n","protected":false},"featured_media":7503088,"template":"","meta":[],"product_brand":[],"product_cat":[400124],"product_tag":[],"class_list":{"0":"post-7503193","1":"product","2":"type-product","3":"status-publish","4":"has-post-thumbnail","6":"product_cat-ametist-na-stojalu","8":"first","9":"instock","10":"featured","11":"sold-individually","12":"taxable","13":"shipping-taxable","14":"purchasable","15":"product-type-simple"},"_links":{"self":[{"href":"https:\/\/saluxe.eu\/sl\/wp-json\/wp\/v2\/product\/7503193","targetHints":{"allow":["GET"]}}],"collection":[{"href":"https:\/\/saluxe.eu\/sl\/wp-json\/wp\/v2\/product"}],"about":[{"href":"https:\/\/saluxe.eu\/sl\/wp-json\/wp\/v2\/types\/product"}],"wp:featuredmedia":[{"embeddable":true,"href":"https:\/\/saluxe.eu\/sl\/wp-json\/wp\/v2\/media\/7503088"}],"wp:attachment":[{"href":"https:\/\/saluxe.eu\/sl\/wp-json\/wp\/v2\/media?parent=7503193"}],"wp:term":[{"taxonomy":"product_brand","embeddable":true,"href":"https:\/\/saluxe.eu\/sl\/wp-json\/wp\/v2\/product_brand?post=7503193"},{"taxonomy":"product_cat","embeddable":true,"href":"https:\/\/saluxe.eu\/sl\/wp-json\/wp\/v2\/product_cat?post=7503193"},{"taxonomy":"product_tag","embeddable":true,"href":"https:\/\/saluxe.eu\/sl\/wp-json\/wp\/v2\/product_tag?post=7503193"}],"curies":[{"name":"wp","href":"https:\/\/api.w.org\/{rel}","templated":true}]}}