{"id":7503355,"date":"2025-10-31T13:01:03","date_gmt":"2025-10-31T12:01:03","guid":{"rendered":"https:\/\/saluxe.eu\/?post_type=product&#038;p=7503355"},"modified":"2026-01-18T13:20:20","modified_gmt":"2026-01-18T12:20:20","slug":"ametistova-geoda-st-1-45-cm","status":"publish","type":"product","link":"https:\/\/saluxe.eu\/sl\/izdelek\/ametistova-geoda-st-1-45-cm\/","title":{"rendered":"Ametistova geoda \u0161t. 1 \u2013 45 cm"},"content":{"rendered":"\n<div class=\"wp-block-columns is-layout-flex wp-container-core-columns-is-layout-9d6595d7 wp-block-columns-is-layout-flex\">\n<div class=\"wp-block-column is-layout-flow wp-block-column-is-layout-flow\">\n<p id=\"wd-9dd1c603\" class=\"wp-block-wd-paragraph\">Ametistova geoda \u0161t. 1 stoji kot naravna skulptura \u2013 okno v tiho veli\u010dastnost Zemlje. Najdena v brazilski pokrajini in skrbno izbrana zaradi svoje ve\u010dplastne globine ter kristalnega sijaja, utele\u0161a brez\u010dasno umetnost narave, ki se je oblikovala skozi milijone let.<\/p>\n\n\n\n<p id=\"wd-7b65d9f2\" class=\"wp-block-wd-paragraph\">V njenem odprtem notranjem prostoru kristalne to\u010dke ne\u017eno za\u017earijo v odtenkih vijoli\u010dne, ki se preliva v mehko belo in ne\u017eno zelenkaste minerale. Konture razkrivajo preplet surove teksture in prosojnosti \u2013 graciozen dialog med kamnom in svetlobo, ki hkrati deluje starodavno in prefinjeno.<\/p>\n\n\n\n<p id=\"wd-292fde03\" class=\"wp-block-wd-paragraph\">Samostoje\u010da in stabilna v obliki ta geoda vsak interier spremeni v prostor spokojnosti, mo\u010di in prisotnosti. Naj bo postavljena v dnevni sobi, poslovnem prostoru ali koti\u010dku za meditacijo \u2013 prina\u0161a ob\u010dutek miru, jasnosti in umirjenega razko\u0161ja. Gre za umetnino, namenjeno \u017eivljenju z njo, ne le ob\u010dudovanju.<\/p>\n<\/div>\n\n\n\n<div class=\"wp-block-column is-layout-flow wp-block-column-is-layout-flow\">\n<h4 class=\"wp-block-heading\"><strong>Podrobnosti o izdelku<\/strong><\/h4>\n\n\n\n<ul id=\"wd-0c241520\" class=\"wp-block-wd-list wd-list wd-type-unordered wd-style-default\">\n<li id=\"wd-9efc4899\" class=\"wp-block-wd-list-item\"><div class=\"wd-icon\"><\/div><span class=\"wd-list-content\"><strong>Izvor<\/strong>: Brazilija<\/span><\/li>\n\n\n\n<li id=\"wd-6bba2788\" class=\"wp-block-wd-list-item\"><div class=\"wd-icon\"><\/div><span class=\"wd-list-content\"><strong>Barva<\/strong>: Globoko vijoli\u010dno jedro z ne\u017enimi toni kremena in zelenkasto-sivimi robovi ahata<\/span><\/li>\n\n\n\n<li id=\"wd-c967fc8f\" class=\"wp-block-wd-list-item\"><div class=\"wd-icon\"><\/div><span class=\"wd-list-content\"><strong>Certifikat<\/strong>: Prilo\u017een certifikat pristnosti z unikatno \u0161tevilko<\/span><\/li>\n\n\n\n<li id=\"wd-c5200c18\" class=\"wp-block-wd-list-item\"><div class=\"wd-icon\"><\/div><span class=\"wd-list-content\"><strong>Razpolo\u017eljivost<\/strong>: Na voljo le en primerek \u2013 prikazan na fotografijah<\/span><\/li>\n<\/ul>\n\n\n\n<p id=\"wd-3bacac90\" class=\"wp-block-wd-paragraph\"><em>Vsak kos iz kolekcije Saluxe je pravi dragulj narave \u2013 certificiran, izbran zaradi svoje lepote in zna\u010daja, ki povzdigne va\u0161 prostor in vsakdanjik.<\/em><\/p>\n<\/div>\n<\/div>\n","protected":false},"excerpt":{"rendered":"<p>Osebno izbrana ametistova geoda iz Brazilije razkriva globoko vijoli\u010dno notranjost, ki jo obdajajo ne\u017eni toni kremnega kremena in ahata. Njena naravna, pokon\u010dna oblika ter kristalna globina ustvarjata umirjeno, prefinjeno prisotnost \u2013 edinstven dekorativni poudarek, ki v prostor vna\u0161a spokojnost in ravnote\u017eje.<\/p>\n<ul class=\"product-dsc-checklist\">\n<li>Prejmete to\u010dno to geodo, ki je prikazana na fotografijah.<\/li>\n<li>Prilo\u017een certifikat pristnosti.<\/li>\n<li>Pre\u010di\u0161\u010dena in pripravljena, da v va\u0161 dom vnese harmonijo in ob\u010dutek ravnovesja.<\/li>\n<li>Na zahtevo so na voljo dodatne fotografije in zasebni video ogled.<\/li>\n<li>Brezpla\u010dna dostava po vsej EU.<\/li>\n<\/ul>\n","protected":false},"featured_media":7503209,"template":"","meta":[],"product_brand":[],"product_cat":[400122],"product_tag":[],"class_list":{"0":"post-7503355","1":"product","2":"type-product","3":"status-publish","4":"has-post-thumbnail","6":"product_cat-geode","8":"first","9":"instock","10":"sold-individually","11":"taxable","12":"shipping-taxable","13":"purchasable","14":"product-type-simple"},"_links":{"self":[{"href":"https:\/\/saluxe.eu\/sl\/wp-json\/wp\/v2\/product\/7503355","targetHints":{"allow":["GET"]}}],"collection":[{"href":"https:\/\/saluxe.eu\/sl\/wp-json\/wp\/v2\/product"}],"about":[{"href":"https:\/\/saluxe.eu\/sl\/wp-json\/wp\/v2\/types\/product"}],"wp:featuredmedia":[{"embeddable":true,"href":"https:\/\/saluxe.eu\/sl\/wp-json\/wp\/v2\/media\/7503209"}],"wp:attachment":[{"href":"https:\/\/saluxe.eu\/sl\/wp-json\/wp\/v2\/media?parent=7503355"}],"wp:term":[{"taxonomy":"product_brand","embeddable":true,"href":"https:\/\/saluxe.eu\/sl\/wp-json\/wp\/v2\/product_brand?post=7503355"},{"taxonomy":"product_cat","embeddable":true,"href":"https:\/\/saluxe.eu\/sl\/wp-json\/wp\/v2\/product_cat?post=7503355"},{"taxonomy":"product_tag","embeddable":true,"href":"https:\/\/saluxe.eu\/sl\/wp-json\/wp\/v2\/product_tag?post=7503355"}],"curies":[{"name":"wp","href":"https:\/\/api.w.org\/{rel}","templated":true}]}}