{"id":7503361,"date":"2025-10-31T13:55:53","date_gmt":"2025-10-31T12:55:53","guid":{"rendered":"https:\/\/saluxe.eu\/?post_type=product&#038;p=7503361"},"modified":"2026-01-18T13:20:08","modified_gmt":"2026-01-18T12:20:08","slug":"ametistova-geoda-st-2-31-cm","status":"publish","type":"product","link":"https:\/\/saluxe.eu\/sl\/izdelek\/ametistova-geoda-st-2-31-cm\/","title":{"rendered":"Ametistova geoda \u0161t. 2 \u2013 31 cm"},"content":{"rendered":"\n<div class=\"wp-block-columns is-layout-flex wp-container-core-columns-is-layout-9d6595d7 wp-block-columns-is-layout-flex\">\n<div class=\"wp-block-column is-layout-flow wp-block-column-is-layout-flow\">\n<p id=\"wd-ef634c56\" class=\"wp-block-wd-paragraph\">Ametistova geoda \u0161t. 2 ujame privla\u010dnost naravne geometrije v bolj intimni obliki. Poreklo geode je brazilsko, izbrana pa je bila zaradi svojega globoko vijoli\u010dnega jedra, ki ga obdajajo svetle pasove kremena in ahata \u2013 brez\u010dasna harmonija barve, globine in svetlobe.<\/p>\n\n\n\n<p id=\"wd-aafc49ae\" class=\"wp-block-wd-paragraph\">Vsaka kristalna ploskev razkriva svojo nianso \u2013 od temno vijoli\u010dnega sredi\u0161\u010da do ne\u017enih prehodov v lila tone in svetel rob iz kremena. Njena rahlo obokana silhueta ji daje katedralno eleganco, zaradi katere deluje hkrati skulpturalno in spokojno.<\/p>\n\n\n\n<p id=\"wd-32679c8d\" class=\"wp-block-wd-paragraph\">Kompaktna, a \u017eare\u010da s prisotnostjo, se zlahka ujame z izbranim interierjem \u2013 kot naravni poudarek v dnevni sobi, meditacijskem koti\u010dku ali osebnem delovnem prostoru. Utele\u0161a ravnovesje, jasnost in trajno umetnost narave.<\/p>\n<\/div>\n\n\n\n<div class=\"wp-block-column is-layout-flow wp-block-column-is-layout-flow\">\n<h4 class=\"wp-block-heading\"><strong>Podrobnosti o izdelku<\/strong><\/h4>\n\n\n\n<ul id=\"wd-a36e2f91\" class=\"wp-block-wd-list wd-list wd-type-unordered wd-style-default\">\n<li id=\"wd-cb59aa21\" class=\"wp-block-wd-list-item\"><div class=\"wd-icon\"><\/div><span class=\"wd-list-content\"><strong>Izvor<\/strong>: Brazilija<\/span><\/li>\n\n\n\n<li id=\"wd-3171a5da\" class=\"wp-block-wd-list-item\"><div class=\"wd-icon\"><\/div><span class=\"wd-list-content\"><strong>Barva<\/strong>: Globoko vijoli\u010dno jedro z lila odtenki in svetlim robom kremena<\/span><\/li>\n\n\n\n<li id=\"wd-c19a0a84\" class=\"wp-block-wd-list-item\"><div class=\"wd-icon\"><\/div><span class=\"wd-list-content\"><strong>Certifikat<\/strong>: Prilo\u017een certifikat pristnosti z unikatno \u0161tevilko<\/span><\/li>\n\n\n\n<li id=\"wd-fd95add1\" class=\"wp-block-wd-list-item\"><div class=\"wd-icon\"><\/div><span class=\"wd-list-content\"><strong>Razpolo\u017eljivost<\/strong>: Na voljo le en primerek \u2013 prikazan na fotografijah<\/span><\/li>\n<\/ul>\n\n\n\n<p id=\"wd-db686d2a\" class=\"wp-block-wd-paragraph\"><em>Vsak kos iz kolekcije Saluxe je pravi dragulj narave \u2013 certificiran, izbran zaradi svoje lepote in zna\u010daja, ki povzdigne va\u0161 prostor in vsakdanjik.<\/em><\/p>\n<\/div>\n<\/div>\n","protected":false},"excerpt":{"rendered":"<p>Osebno izbrana ametistova geoda iz Brazilije razkriva globoko vijoli\u010dno jedro, obdano z ne\u017enimi lila in kremenovimi pasovi. Njena graciozna, rahlo zaobljena oblika in sijo\u010da notranja globina ustvarjata ob\u010dutek umirjene prefinjenosti, ki obogati vsak prostor.<\/p>\n<ul class=\"product-dsc-checklist\">\n<li>Prejmete to\u010dno to geodo, ki je prikazana na fotografijah.<\/li>\n<li>Prilo\u017een certifikat pristnosti.<\/li>\n<li>Pre\u010di\u0161\u010dena in pripravljena, da v va\u0161 dom vnese harmonijo in ob\u010dutek ravnovesja.<\/li>\n<li>Na zahtevo so na voljo dodatne fotografije in zasebni video ogled.<\/li>\n<li>Brezpla\u010dna dostava po vsej EU.<\/li>\n<\/ul>\n","protected":false},"featured_media":7503225,"template":"","meta":[],"product_brand":[],"product_cat":[400122],"product_tag":[],"class_list":{"0":"post-7503361","1":"product","2":"type-product","3":"status-publish","4":"has-post-thumbnail","6":"product_cat-geode","8":"first","9":"instock","10":"sold-individually","11":"taxable","12":"shipping-taxable","13":"purchasable","14":"product-type-simple"},"_links":{"self":[{"href":"https:\/\/saluxe.eu\/sl\/wp-json\/wp\/v2\/product\/7503361","targetHints":{"allow":["GET"]}}],"collection":[{"href":"https:\/\/saluxe.eu\/sl\/wp-json\/wp\/v2\/product"}],"about":[{"href":"https:\/\/saluxe.eu\/sl\/wp-json\/wp\/v2\/types\/product"}],"wp:featuredmedia":[{"embeddable":true,"href":"https:\/\/saluxe.eu\/sl\/wp-json\/wp\/v2\/media\/7503225"}],"wp:attachment":[{"href":"https:\/\/saluxe.eu\/sl\/wp-json\/wp\/v2\/media?parent=7503361"}],"wp:term":[{"taxonomy":"product_brand","embeddable":true,"href":"https:\/\/saluxe.eu\/sl\/wp-json\/wp\/v2\/product_brand?post=7503361"},{"taxonomy":"product_cat","embeddable":true,"href":"https:\/\/saluxe.eu\/sl\/wp-json\/wp\/v2\/product_cat?post=7503361"},{"taxonomy":"product_tag","embeddable":true,"href":"https:\/\/saluxe.eu\/sl\/wp-json\/wp\/v2\/product_tag?post=7503361"}],"curies":[{"name":"wp","href":"https:\/\/api.w.org\/{rel}","templated":true}]}}