{"id":7503366,"date":"2025-10-31T14:39:42","date_gmt":"2025-10-31T13:39:42","guid":{"rendered":"https:\/\/saluxe.eu\/?post_type=product&#038;p=7503366"},"modified":"2026-01-18T13:22:21","modified_gmt":"2026-01-18T12:22:21","slug":"ametistova-geoda-st-4-35-cm","status":"publish","type":"product","link":"https:\/\/saluxe.eu\/sl\/izdelek\/ametistova-geoda-st-4-35-cm\/","title":{"rendered":"Ametistova geoda \u0161t. 4 \u2013 35 cm"},"content":{"rendered":"\n<div class=\"wp-block-columns is-layout-flex wp-container-core-columns-is-layout-9d6595d7 wp-block-columns-is-layout-flex\">\n<div class=\"wp-block-column is-layout-flow wp-block-column-is-layout-flow\">\n<p id=\"wd-81149ea2\" class=\"wp-block-wd-paragraph\">Ametistova geoda \u0161t. 4 izstopa po svoji \u010disti, simetri\u010dni obliki in bogatih vijoli\u010dnih tonih. Poreklo geode je brazilsko, izbrana pa je bila zaradi svojega izrazitega kristalnega jedra, ki se ne\u017eno preliva v lila odtenke in svetle kremenove plasti.<\/p>\n\n\n\n<p id=\"wd-91ec0092\" class=\"wp-block-wd-paragraph\">Odprta kristalna votlina razkriva jasno strukturo kristalov in mehak, zaobljen obris, ki ustvarja uravnote\u017een videz iz vseh zornih kotov. Subtilne mineralne podrobnosti \u2013 vklju\u010dno z ahatom in svetlimi pasovi kremena \u2013 poudarjajo naravne vzorce rasti, oblikovane globoko v zemlji skozi milijone let.<\/p>\n\n\n\n<p id=\"wd-3de2d575\" class=\"wp-block-wd-paragraph\">Ta srednje velika geoda se odli\u010dno poda na konzolno mizo, polico ali komodo. V prostor vna\u0161a ob\u010dutek miru in naravne skladnosti ter deluje kot eleganten poudarek v dnevnih, poslovnih ali meditacijskih ambientih. Njen prefinjen barvni preliv dopolnjuje tako sodobne kot klasi\u010dne interierje in v vsakem prostoru vzpostavi tiho ravnovesje.<\/p>\n<\/div>\n\n\n\n<div class=\"wp-block-column is-layout-flow wp-block-column-is-layout-flow\">\n<h4 class=\"wp-block-heading\"><strong>Podrobnosti o izdelku<\/strong><\/h4>\n\n\n\n<ul id=\"wd-db7b72f4\" class=\"wp-block-wd-list wd-list wd-type-unordered wd-style-default\">\n<li id=\"wd-ddbf253f\" class=\"wp-block-wd-list-item\"><div class=\"wd-icon\"><\/div><span class=\"wd-list-content\"><strong>Izvor<\/strong>: Brazilija<\/span><\/li>\n\n\n\n<li id=\"wd-fb98ad67\" class=\"wp-block-wd-list-item\"><div class=\"wd-icon\"><\/div><span class=\"wd-list-content\"><strong>Barva<\/strong>: Intenzivno vijoli\u010dno jedro z lila prehodi in svetlimi pasovi kremena<\/span><\/li>\n\n\n\n<li id=\"wd-93096590\" class=\"wp-block-wd-list-item\"><div class=\"wd-icon\"><\/div><span class=\"wd-list-content\"><strong>Certifikat<\/strong>: Prilo\u017een certifikat pristnosti z unikatno \u0161tevilko<\/span><\/li>\n\n\n\n<li id=\"wd-b7dfff91\" class=\"wp-block-wd-list-item\"><div class=\"wd-icon\"><\/div><span class=\"wd-list-content\"><strong>Razpolo\u017eljivost<\/strong>: Na voljo le en primerek \u2013 prikazan na fotografijah<\/span><\/li>\n<\/ul>\n\n\n\n<p id=\"wd-e018f5f8\" class=\"wp-block-wd-paragraph\"><em>Vsak kos iz kolekcije Saluxe je pravi dragulj narave \u2013 certificiran, izbran zaradi svoje lepote in zna\u010daja, ki povzdigne va\u0161 prostor in vsakdanjik.<\/em><\/p>\n<\/div>\n<\/div>\n","protected":false},"excerpt":{"rendered":"<p>Osebno izbrana ametistova geoda iz Brazilije razkriva izrazito vijoli\u010dno jedro, ki se postopoma preliva v mehke lila odtenke in svetle plasti kremena. Njena pokon\u010dna, uravnote\u017eena oblika deluje umirjeno in elegantno ter se zlahka poda v razli\u010dne tipe interierjev.<\/p>\n<ul class=\"product-dsc-checklist\">\n<li>Prejmete to\u010dno to geodo, ki je prikazana na fotografijah.<\/li>\n<li>Prilo\u017een certifikat pristnosti.<\/li>\n<li>Pre\u010di\u0161\u010dena in pripravljena, da v va\u0161 dom vnese harmonijo in ob\u010dutek ravnovesja.<\/li>\n<li>Na zahtevo so na voljo dodatne fotografije in zasebni video ogled.<\/li>\n<li>Brezpla\u010dna dostava po vsej EU.<\/li>\n<\/ul>\n","protected":false},"featured_media":7503253,"template":"","meta":[],"product_brand":[],"product_cat":[400122],"product_tag":[],"class_list":{"0":"post-7503366","1":"product","2":"type-product","3":"status-publish","4":"has-post-thumbnail","6":"product_cat-geode","8":"first","9":"outofstock","10":"featured","11":"sold-individually","12":"taxable","13":"shipping-taxable","14":"purchasable","15":"product-type-simple"},"_links":{"self":[{"href":"https:\/\/saluxe.eu\/sl\/wp-json\/wp\/v2\/product\/7503366","targetHints":{"allow":["GET"]}}],"collection":[{"href":"https:\/\/saluxe.eu\/sl\/wp-json\/wp\/v2\/product"}],"about":[{"href":"https:\/\/saluxe.eu\/sl\/wp-json\/wp\/v2\/types\/product"}],"wp:featuredmedia":[{"embeddable":true,"href":"https:\/\/saluxe.eu\/sl\/wp-json\/wp\/v2\/media\/7503253"}],"wp:attachment":[{"href":"https:\/\/saluxe.eu\/sl\/wp-json\/wp\/v2\/media?parent=7503366"}],"wp:term":[{"taxonomy":"product_brand","embeddable":true,"href":"https:\/\/saluxe.eu\/sl\/wp-json\/wp\/v2\/product_brand?post=7503366"},{"taxonomy":"product_cat","embeddable":true,"href":"https:\/\/saluxe.eu\/sl\/wp-json\/wp\/v2\/product_cat?post=7503366"},{"taxonomy":"product_tag","embeddable":true,"href":"https:\/\/saluxe.eu\/sl\/wp-json\/wp\/v2\/product_tag?post=7503366"}],"curies":[{"name":"wp","href":"https:\/\/api.w.org\/{rel}","templated":true}]}}