{"id":7503371,"date":"2025-10-31T18:10:39","date_gmt":"2025-10-31T17:10:39","guid":{"rendered":"https:\/\/saluxe.eu\/?post_type=product&#038;p=7503371"},"modified":"2026-04-15T19:01:45","modified_gmt":"2026-04-15T17:01:45","slug":"ametistova-geoda-st-6-48-cm","status":"publish","type":"product","link":"https:\/\/saluxe.eu\/sl\/izdelek\/ametistova-geoda-st-6-48-cm\/","title":{"rendered":"Ametistova geoda \u0161t. 6 \u2013 48 cm"},"content":{"rendered":"\n<div class=\"wp-block-columns is-layout-flex wp-container-core-columns-is-layout-9d6595d7 wp-block-columns-is-layout-flex\">\n<div class=\"wp-block-column is-layout-flow wp-block-column-is-layout-flow\">\n<p id=\"wd-dae6f015\" class=\"wp-block-wd-paragraph\">Ametistova geoda \u0161t. 6 je izrazit pokon\u010den primerek z jasno opredeljeno kristalno votlino in naravno uravnote\u017eeno obliko. Poreklo geode je brazilsko, izbrana pa je bila zaradi svojega bogatega vijoli\u010dnega jedra, ki se ne\u017eno preliva v lila odtenke in prosojen kremen ob robovih \u2013 zna\u010dilno geolo\u0161ko plastenje, ki je tipi\u010dno za najkakovostnej\u0161e brazilske primerke.<\/p>\n\n\n\n<p id=\"wd-9d5ef388\" class=\"wp-block-wd-paragraph\">V zgornjem delu geode se nahaja majhna naravna odprtina, ki omogo\u010da, da svetloba prodira v notranjost kristalov in razkrije njihovo zapleteno strukturo. Ta redka naravna posebnost daje kosu dodatno globino, vizualno dinamiko in ob\u010dutek tridimenzionalnosti.<\/p>\n\n\n\n<p id=\"wd-9d126963\" class=\"wp-block-wd-paragraph\">Stabilna in uravnote\u017eena po obliki se ta srednje velika geoda lepo poda na konzolno mizo, polico ali namensko stojalo. Njen prefinjen barvni preliv in bogata kristalna tekstura ustvarjata harmoni\u010dno prisotnost, ki dopolnjuje tako sodobne kot brez\u010dasne interierje.<\/p>\n<\/div>\n\n\n\n<div class=\"wp-block-column is-layout-flow wp-block-column-is-layout-flow\">\n<h4 class=\"wp-block-heading\"><strong>Podrobnosti o izdelku<\/strong><\/h4>\n\n\n\n<ul id=\"wd-baf0d43f\" class=\"wp-block-wd-list wd-list wd-type-unordered wd-style-default\">\n<li id=\"wd-b16915eb\" class=\"wp-block-wd-list-item\"><div class=\"wd-icon\"><\/div><span class=\"wd-list-content\"><strong>Izvor<\/strong>: Brazilija<\/span><\/li>\n\n\n\n<li id=\"wd-f416ae27\" class=\"wp-block-wd-list-item\"><div class=\"wd-icon\"><\/div><span class=\"wd-list-content\"><strong>Barva<\/strong>: Globoko vijoli\u010dno jedro z lila prehodi in svetlimi kremenovimi robovi<\/span><\/li>\n\n\n\n<li id=\"wd-7e1bc222\" class=\"wp-block-wd-list-item\"><div class=\"wd-icon\"><\/div><span class=\"wd-list-content\"><strong>Certifikat<\/strong>: Prilo\u017een certifikat pristnosti z unikatno \u0161tevilko<\/span><\/li>\n\n\n\n<li id=\"wd-71547139\" class=\"wp-block-wd-list-item\"><div class=\"wd-icon\"><\/div><span class=\"wd-list-content\"><strong>Razpolo\u017eljivost<\/strong>: Na voljo le en primerek \u2013 prikazan na fotografijah<\/span><\/li>\n<\/ul>\n\n\n\n<p id=\"wd-30751faa\" class=\"wp-block-wd-paragraph\"><em>Vsak kos iz kolekcije Saluxe je pravi dragulj narave \u2013 certificiran, izbran zaradi svoje lepote in zna\u010daja, ki povzdigne va\u0161 prostor in vsakdanjik.<\/em><\/p>\n<\/div>\n<\/div>\n","protected":false},"excerpt":{"rendered":"<p>Visoka ametistna geoda iz Brazilije ima globoko vijoli\u010dno kristalno jedro, ki ga obdajajo lila odtenki in plasti kremena. Naravna odprtina pri vrhu razkriva del notranje kristalne zgradbe, zato je kos \u0161e bolj poseben in vizualno zanimiv.<\/p>\n<ul class=\"product-dsc-checklist\">\n<li>Prejmete to\u010dno to geodo, ki je prikazana na fotografijah.<\/li>\n<li>Prilo\u017een certifikat pristnosti.<\/li>\n<li>Pre\u010di\u0161\u010dena in pripravljena, da v va\u0161 dom vnese harmonijo in ob\u010dutek ravnovesja.<\/li>\n<li>Na zahtevo so na voljo dodatne fotografije in zasebni video ogled.<\/li>\n<li>Brezpla\u010dna dostava po vsej EU.<\/li>\n<\/ul>\n","protected":false},"featured_media":7503282,"template":"","meta":[],"product_brand":[],"product_cat":[400122],"product_tag":[],"class_list":{"0":"post-7503371","1":"product","2":"type-product","3":"status-publish","4":"has-post-thumbnail","6":"product_cat-geode","8":"first","9":"instock","10":"sold-individually","11":"taxable","12":"shipping-taxable","13":"purchasable","14":"product-type-simple"},"_links":{"self":[{"href":"https:\/\/saluxe.eu\/sl\/wp-json\/wp\/v2\/product\/7503371","targetHints":{"allow":["GET"]}}],"collection":[{"href":"https:\/\/saluxe.eu\/sl\/wp-json\/wp\/v2\/product"}],"about":[{"href":"https:\/\/saluxe.eu\/sl\/wp-json\/wp\/v2\/types\/product"}],"wp:featuredmedia":[{"embeddable":true,"href":"https:\/\/saluxe.eu\/sl\/wp-json\/wp\/v2\/media\/7503282"}],"wp:attachment":[{"href":"https:\/\/saluxe.eu\/sl\/wp-json\/wp\/v2\/media?parent=7503371"}],"wp:term":[{"taxonomy":"product_brand","embeddable":true,"href":"https:\/\/saluxe.eu\/sl\/wp-json\/wp\/v2\/product_brand?post=7503371"},{"taxonomy":"product_cat","embeddable":true,"href":"https:\/\/saluxe.eu\/sl\/wp-json\/wp\/v2\/product_cat?post=7503371"},{"taxonomy":"product_tag","embeddable":true,"href":"https:\/\/saluxe.eu\/sl\/wp-json\/wp\/v2\/product_tag?post=7503371"}],"curies":[{"name":"wp","href":"https:\/\/api.w.org\/{rel}","templated":true}]}}