{"id":7503373,"date":"2025-10-31T18:33:43","date_gmt":"2025-10-31T17:33:43","guid":{"rendered":"https:\/\/saluxe.eu\/?post_type=product&#038;p=7503373"},"modified":"2026-01-18T13:21:06","modified_gmt":"2026-01-18T12:21:06","slug":"ametistova-geoda-st-7-32-cm","status":"publish","type":"product","link":"https:\/\/saluxe.eu\/sl\/izdelek\/ametistova-geoda-st-7-32-cm\/","title":{"rendered":"Ametistova geoda \u0161t. 7 \u2013 32 cm"},"content":{"rendered":"\n<div class=\"wp-block-columns is-layout-flex wp-container-core-columns-is-layout-9d6595d7 wp-block-columns-is-layout-flex\">\n<div class=\"wp-block-column is-layout-flow wp-block-column-is-layout-flow\">\n<p id=\"wd-204f8700\" class=\"wp-block-wd-paragraph\">Ametistova geoda \u0161t. 7 izstopa po gostoti kristalov in ne\u017eno trikotni obliki. Poreklo geode je brazilsko, iz obmo\u010dja Rio Grande do Sul, znano po vrhunskih ametistih. Zunanje robove krasijo svetli lila odtenki, ki se postopoma poglabljajo v temno vijoli\u010dno notranjost \u2013 zna\u010dilno barvno plastenje za kakovostne brazilske primerke.<\/p>\n\n\n\n<p id=\"wd-722c7879\" class=\"wp-block-wd-paragraph\">Njena kompaktna oblika je idealna za manj\u0161e prostore, pisalne mize, police ali no\u010dne omarice, hkrati pa ohranja izrazito prisotnost. Kristali \u010dudovito odbijajo svetlobo in razkrivajo drobno notranjo strukturo ter ne\u017eno barvno prelivanje \u2013 tako pod naravno kot umetno osvetlitvijo.<\/p>\n\n\n\n<p id=\"wd-d214d3bd\" class=\"wp-block-wd-paragraph\">Ta geoda zdru\u017euje geolo\u0161ki \u010dar naravne oblike z umirjeno preprostostjo, primerno za sodobne interierje. Je diskreten, avtenti\u010den poudarek, ki v prostor prinese pridih brazilske umetnosti in pristne naravne lepote.<\/p>\n<\/div>\n\n\n\n<div class=\"wp-block-column is-layout-flow wp-block-column-is-layout-flow\">\n<h4 class=\"wp-block-heading\"><strong>Podrobnosti o izdelku<\/strong><\/h4>\n\n\n\n<ul id=\"wd-d06d6ed3\" class=\"wp-block-wd-list wd-list wd-type-unordered wd-style-default\">\n<li id=\"wd-26481eef\" class=\"wp-block-wd-list-item\"><div class=\"wd-icon\"><\/div><span class=\"wd-list-content\"><strong>Izvor<\/strong>: Brazilija<\/span><\/li>\n\n\n\n<li id=\"wd-8f22dff0\" class=\"wp-block-wd-list-item\"><div class=\"wd-icon\"><\/div><span class=\"wd-list-content\"><strong>Barva<\/strong>: Globoko vijoli\u010dno jedro z lila prehodi in svetlimi kremenovimi robovi<\/span><\/li>\n\n\n\n<li id=\"wd-1e0bdb56\" class=\"wp-block-wd-list-item\"><div class=\"wd-icon\"><\/div><span class=\"wd-list-content\"><strong>Certifikat<\/strong>: Prilo\u017een certifikat pristnosti z unikatno \u0161tevilko<\/span><\/li>\n\n\n\n<li id=\"wd-9e2e8ef1\" class=\"wp-block-wd-list-item\"><div class=\"wd-icon\"><\/div><span class=\"wd-list-content\"><strong>Razpolo\u017eljivost<\/strong>: Na voljo le en primerek \u2013 prikazan na fotografijah<\/span><\/li>\n<\/ul>\n\n\n\n<p id=\"wd-5828e141\" class=\"wp-block-wd-paragraph\"><em>Vsak kos iz kolekcije Saluxe je pravi dragulj narave \u2013 certificiran, izbran zaradi svoje lepote in zna\u010daja, ki povzdigne va\u0161 prostor in vsakdanjik.<\/em><\/p>\n<\/div>\n<\/div>\n","protected":false},"excerpt":{"rendered":"<p>Osebno izbrana ametistova geoda iz Brazilije razkriva bogat preliv vijoli\u010dnih tonov, ki se proti sredi\u0161\u010du poglabljajo. Kompaktna, a polna detajlov s svojo uravnote\u017eeno obliko v vsak prostor vnese naravno teksturo in diskretno eleganco.<\/p>\n<ul class=\"product-dsc-checklist\">\n<li>Prejmete to\u010dno to geodo, ki je prikazana na fotografijah.<\/li>\n<li>Prilo\u017een certifikat pristnosti.<\/li>\n<li>Pre\u010di\u0161\u010dena in pripravljena, da v va\u0161 dom vnese harmonijo in ob\u010dutek ravnovesja.<\/li>\n<li>Na zahtevo so na voljo dodatne fotografije in zasebni video ogled.<\/li>\n<li>Brezpla\u010dna dostava po vsej EU.<\/li>\n<\/ul>\n","protected":false},"featured_media":7503297,"template":"","meta":[],"product_brand":[],"product_cat":[400122],"product_tag":[],"class_list":{"0":"post-7503373","1":"product","2":"type-product","3":"status-publish","4":"has-post-thumbnail","6":"product_cat-geode","8":"first","9":"instock","10":"sold-individually","11":"taxable","12":"shipping-taxable","13":"purchasable","14":"product-type-simple"},"_links":{"self":[{"href":"https:\/\/saluxe.eu\/sl\/wp-json\/wp\/v2\/product\/7503373","targetHints":{"allow":["GET"]}}],"collection":[{"href":"https:\/\/saluxe.eu\/sl\/wp-json\/wp\/v2\/product"}],"about":[{"href":"https:\/\/saluxe.eu\/sl\/wp-json\/wp\/v2\/types\/product"}],"wp:featuredmedia":[{"embeddable":true,"href":"https:\/\/saluxe.eu\/sl\/wp-json\/wp\/v2\/media\/7503297"}],"wp:attachment":[{"href":"https:\/\/saluxe.eu\/sl\/wp-json\/wp\/v2\/media?parent=7503373"}],"wp:term":[{"taxonomy":"product_brand","embeddable":true,"href":"https:\/\/saluxe.eu\/sl\/wp-json\/wp\/v2\/product_brand?post=7503373"},{"taxonomy":"product_cat","embeddable":true,"href":"https:\/\/saluxe.eu\/sl\/wp-json\/wp\/v2\/product_cat?post=7503373"},{"taxonomy":"product_tag","embeddable":true,"href":"https:\/\/saluxe.eu\/sl\/wp-json\/wp\/v2\/product_tag?post=7503373"}],"curies":[{"name":"wp","href":"https:\/\/api.w.org\/{rel}","templated":true}]}}