{"id":7503519,"date":"2025-11-13T14:24:23","date_gmt":"2025-11-13T13:24:23","guid":{"rendered":"https:\/\/saluxe.eu\/?post_type=product&#038;p=7503519"},"modified":"2026-04-16T10:57:13","modified_gmt":"2026-04-16T08:57:13","slug":"velika-ametistova-geoda-st-2-54-cm","status":"publish","type":"product","link":"https:\/\/saluxe.eu\/sl\/izdelek\/velika-ametistova-geoda-st-2-54-cm\/","title":{"rendered":"Velika ametistova geoda \u0161t. 2 \u2013 54 cm"},"content":{"rendered":"\n<div class=\"wp-block-columns is-layout-flex wp-container-core-columns-is-layout-9d6595d7 wp-block-columns-is-layout-flex\">\n<div class=\"wp-block-column is-layout-flow wp-block-column-is-layout-flow\">\n<p class=\"wp-block-wd-paragraph wd-7d557a77\">Velika ametistna druza \u0161t. 2 je osebno izbran kos iz Brazilije, izbran zaradi svoje izrazite sr\u010daste oblike, \u017eivahne prisotnosti in lepo definirane kristalne strukture. Povr\u0161ina razkriva bogato prepletanje sivkinih in globoko vijoli\u010dnih tonov, ki se glede na svetlobo mehko spreminjajo in kosu dajejo prijeten sijaj.<\/p>\n\n\n\n<p class=\"wp-block-wd-paragraph wd-6ed8cc44\">Velike naravno oblikovane kristalne konice ustvarjajo ob\u010dutek globine in jasne strukture, medtem ko ne\u017eni poudarki belega kremena dodatno poudarijo plastenje in zna\u010daj tega kosa. Groba bazaltna zadnja stran ohranja njegovo naravno geolo\u0161ko izraznost. Na minimalisti\u010dnem \u010drnem kovinskem stojalu druza lepo uravnote\u017ei naravno surovost in prefinjen videz.<\/p>\n\n\n\n<p class=\"wp-block-wd-paragraph wd-1a61ca9b\">Z vi\u0161ino 54 cm je primerna za dnevne prostore, studie, vhodne prostore, recepcije in bolj intimne ambiente, kjer \u017eelite opazen, a ne prevelik naravni poudarek. Prejmete to\u010dno ta kos, ki je prikazan na fotografijah, prilo\u017een pa mu je tudi individualno o\u0161tevil\u010den certifikat avtenti\u010dnosti.<\/p>\n<\/div>\n\n\n\n<div class=\"wp-block-column is-layout-flow wp-block-column-is-layout-flow\">\n<h4 class=\"wp-block-heading\"><strong>Podrobnosti o izdelku<\/strong><\/h4>\n\n\n\n<ul class=\"wp-block-wd-list wd-list wd-type-unordered wd-style-default wd-5035e14a\">\n<li class=\"wp-block-wd-list-item wd-1ac9ba4f\"><div class=\"wd-icon\"><\/div><span class=\"wd-list-content\"><strong>Izvor<\/strong>: Brazilija<\/span><\/li>\n\n\n\n<li class=\"wp-block-wd-list-item wd-1d45f30d\"><div class=\"wd-icon\"><\/div><span class=\"wd-list-content\"><strong>Barva<\/strong>: Srednje do globoko vijoli\u010dna z lila poudarki in ne\u017enimi kremenovimi prehodi<\/span><\/li>\n\n\n\n<li class=\"wp-block-wd-list-item wd-a897f2a4\"><div class=\"wd-icon\"><\/div><span class=\"wd-list-content\"><strong>Certifikat<\/strong>: Prilo\u017een certifikat pristnosti z unikatno \u0161tevilko<\/span><\/li>\n\n\n\n<li class=\"wp-block-wd-list-item wd-cbbea101\"><div class=\"wd-icon\"><\/div><span class=\"wd-list-content\"><strong>Razpolo\u017eljivost<\/strong>: Na voljo le en primerek \u2013 prikazan na fotografijah<\/span><\/li>\n<\/ul>\n\n\n\n<p class=\"wp-block-wd-paragraph wd-e567b25d\"><em>Vsak kos iz kolekcije Saluxe je pravi dragulj narave \u2013 certificiran, izbran zaradi svoje lepote in zna\u010daja, ki povzdigne va\u0161 prostor in vsakdanjik.<\/em><\/p>\n<\/div>\n<\/div>\n","protected":false},"excerpt":{"rendered":"<p>Osebno izbrana brazilska ametistna druza z izrazito sr\u010dasto obliko, \u017eivahnimi vijoli\u010dnimi toni in velikimi, lepo oblikovanimi kristali. Kot unikaten kos v prostor prina\u0161a toplino, eleganco in opazno naravno prisotnost.<\/p>\n<ul class=\"product-dsc-checklist\">\n<li>Prejmete to\u010dno ta ametist, ki je prikazan na fotografijah.<\/li>\n<li>Prilo\u017een certifikat pristnosti.<\/li>\n<li>Pre\u010di\u0161\u010den in ugla\u0161en za ob\u010dutek ravnovesja ter harmonije v va\u0161em domu.<\/li>\n<li>Na zahtevo so na voljo dodatne fotografije in zasebni video ogled.<\/li>\n<li>Brezpla\u010dna dostava po vsej EU.<\/li>\n<\/ul>\n","protected":false},"featured_media":7503462,"template":"","meta":[],"product_brand":[],"product_cat":[400123],"product_tag":[],"class_list":{"0":"post-7503519","1":"product","2":"type-product","3":"status-publish","4":"has-post-thumbnail","6":"product_cat-ekskluzivne-geode","8":"first","9":"instock","10":"featured","11":"sold-individually","12":"taxable","13":"shipping-taxable","14":"purchasable","15":"product-type-simple"},"_links":{"self":[{"href":"https:\/\/saluxe.eu\/sl\/wp-json\/wp\/v2\/product\/7503519","targetHints":{"allow":["GET"]}}],"collection":[{"href":"https:\/\/saluxe.eu\/sl\/wp-json\/wp\/v2\/product"}],"about":[{"href":"https:\/\/saluxe.eu\/sl\/wp-json\/wp\/v2\/types\/product"}],"wp:featuredmedia":[{"embeddable":true,"href":"https:\/\/saluxe.eu\/sl\/wp-json\/wp\/v2\/media\/7503462"}],"wp:attachment":[{"href":"https:\/\/saluxe.eu\/sl\/wp-json\/wp\/v2\/media?parent=7503519"}],"wp:term":[{"taxonomy":"product_brand","embeddable":true,"href":"https:\/\/saluxe.eu\/sl\/wp-json\/wp\/v2\/product_brand?post=7503519"},{"taxonomy":"product_cat","embeddable":true,"href":"https:\/\/saluxe.eu\/sl\/wp-json\/wp\/v2\/product_cat?post=7503519"},{"taxonomy":"product_tag","embeddable":true,"href":"https:\/\/saluxe.eu\/sl\/wp-json\/wp\/v2\/product_tag?post=7503519"}],"curies":[{"name":"wp","href":"https:\/\/api.w.org\/{rel}","templated":true}]}}