{"id":7503521,"date":"2025-11-13T14:38:52","date_gmt":"2025-11-13T13:38:52","guid":{"rendered":"https:\/\/saluxe.eu\/?post_type=product&#038;p=7503521"},"modified":"2026-04-16T11:11:30","modified_gmt":"2026-04-16T09:11:30","slug":"velika-ametistova-geoda-st-3-81-cm","status":"publish","type":"product","link":"https:\/\/saluxe.eu\/sl\/izdelek\/velika-ametistova-geoda-st-3-81-cm\/","title":{"rendered":"Velika ametistova geoda \u0161t. 3 \u2013 81 cm"},"content":{"rendered":"\n<div class=\"wp-block-columns is-layout-flex wp-container-core-columns-is-layout-9d6595d7 wp-block-columns-is-layout-flex\">\n<div class=\"wp-block-column is-layout-flow wp-block-column-is-layout-flow\">\n<p class=\"wp-block-wd-paragraph wd-88e0d3e7\">Velika ametistova geoda \u0161t. 3 je osebno izbrana brazilska ametistna geoda, izbrana zaradi svoje razprte oblike, ki spominja na krila, sijo\u010dih vijoli\u010dnih kristalov in \u0161irokega profila. Njena naravno oblikovana povr\u0161ina razkriva bogat prehod tonov od globoke vijoli\u010dne do ne\u017enej\u0161e sivke, ki se glede na svetlobo mehko spreminjajo.<\/p>\n\n\n\n<p class=\"wp-block-wd-paragraph wd-6c0621ad\">Gosto razporejene kristalne konice ustvarjajo lep sijaj in ob\u010dutek globine, medtem ko robovi iz belega kremena in groba bazaltna zunanjost poudarjajo njeno naravno geolo\u0161ko zgradbo. Postavljena je na minimalisti\u010dno \u010drno kovinsko stojalo, zato deluje hkrati naravno, prefinjeno in prostorsko zelo izrazito.<\/p>\n\n\n\n<p class=\"wp-block-wd-paragraph wd-b8c74fdf\">Z vi\u0161ino 81 cm in \u0161ir\u0161o obliko je \u0161e posebej primerna za ve\u010dje dnevne prostore, studie, recepcije, buti\u010dne interierje in druge dovr\u0161eno zasnovane ambiente, kjer \u017eelite opazen naravni poudarek. Prejmete to\u010dno ta kos, ki je prikazan na fotografijah, prilo\u017een pa mu je tudi individualno o\u0161tevil\u010den certifikat avtenti\u010dnosti.<\/p>\n<\/div>\n\n\n\n<div class=\"wp-block-column is-layout-flow wp-block-column-is-layout-flow\">\n<h4 class=\"wp-block-heading\"><strong>Podrobnosti o izdelku<\/strong><\/h4>\n\n\n\n<ul class=\"wp-block-wd-list wd-list wd-type-unordered wd-style-default wd-7ebeca9a\">\n<li class=\"wp-block-wd-list-item wd-f7b4eb35\"><div class=\"wd-icon\"><\/div><span class=\"wd-list-content\"><strong>Izvor<\/strong>: Brazilija<\/span><\/li>\n\n\n\n<li class=\"wp-block-wd-list-item wd-54f7b2a8\"><div class=\"wd-icon\"><\/div><span class=\"wd-list-content\"><strong>Barva<\/strong>: Globoko vijoli\u010dna z ne\u017enimi lila prehodi in svetlimi kremenovimi robovi<\/span><\/li>\n\n\n\n<li class=\"wp-block-wd-list-item wd-a088d39a\"><div class=\"wd-icon\"><\/div><span class=\"wd-list-content\"><strong>Certifikat<\/strong>: Prilo\u017een certifikat pristnosti z unikatno \u0161tevilko<\/span><\/li>\n\n\n\n<li class=\"wp-block-wd-list-item wd-54fc1a0e\"><div class=\"wd-icon\"><\/div><span class=\"wd-list-content\"><strong>Razpolo\u017eljivost<\/strong>: Na voljo le en primerek \u2013 prikazan na fotografijah<\/span><\/li>\n<\/ul>\n\n\n\n<p class=\"wp-block-wd-paragraph wd-59d32311\"><em>Vsak kos iz kolekcije Saluxe je pravi dragulj narave \u2013 certificiran, izbran zaradi svoje lepote in zna\u010daja, ki povzdigne va\u0161 prostor in vsakdanjik.<\/em><\/p>\n<\/div>\n<\/div>\n","protected":false},"excerpt":{"rendered":"<p>Osebno izbrana brazilska ametistna geoda z razprto obliko, ki spominja na krila, in sijo\u010dimi vijoli\u010dnimi kristali. Kot unikaten kos v prostor prina\u0161a mo\u010dno naravno prisotnost in izrazit vizualni poudarek.<\/p>\n<ul class=\"product-dsc-checklist\">\n<li>Prejmete to\u010dno ta ametist, ki je prikazan na fotografijah.<\/li>\n<li>Prilo\u017een certifikat pristnosti.<\/li>\n<li>Pre\u010di\u0161\u010den in ugla\u0161en za ob\u010dutek ravnovesja ter harmonije v va\u0161em domu.<\/li>\n<li>Na zahtevo so na voljo dodatne fotografije in zasebni video ogled.<\/li>\n<li>Brezpla\u010dna dostava po vsej EU.<\/li>\n<\/ul>\n","protected":false},"featured_media":7503471,"template":"","meta":[],"product_brand":[],"product_cat":[400123],"product_tag":[],"class_list":{"0":"post-7503521","1":"product","2":"type-product","3":"status-publish","4":"has-post-thumbnail","6":"product_cat-ekskluzivne-geode","8":"first","9":"instock","10":"featured","11":"sold-individually","12":"taxable","13":"shipping-taxable","14":"purchasable","15":"product-type-simple"},"_links":{"self":[{"href":"https:\/\/saluxe.eu\/sl\/wp-json\/wp\/v2\/product\/7503521","targetHints":{"allow":["GET"]}}],"collection":[{"href":"https:\/\/saluxe.eu\/sl\/wp-json\/wp\/v2\/product"}],"about":[{"href":"https:\/\/saluxe.eu\/sl\/wp-json\/wp\/v2\/types\/product"}],"wp:featuredmedia":[{"embeddable":true,"href":"https:\/\/saluxe.eu\/sl\/wp-json\/wp\/v2\/media\/7503471"}],"wp:attachment":[{"href":"https:\/\/saluxe.eu\/sl\/wp-json\/wp\/v2\/media?parent=7503521"}],"wp:term":[{"taxonomy":"product_brand","embeddable":true,"href":"https:\/\/saluxe.eu\/sl\/wp-json\/wp\/v2\/product_brand?post=7503521"},{"taxonomy":"product_cat","embeddable":true,"href":"https:\/\/saluxe.eu\/sl\/wp-json\/wp\/v2\/product_cat?post=7503521"},{"taxonomy":"product_tag","embeddable":true,"href":"https:\/\/saluxe.eu\/sl\/wp-json\/wp\/v2\/product_tag?post=7503521"}],"curies":[{"name":"wp","href":"https:\/\/api.w.org\/{rel}","templated":true}]}}