{"id":7503523,"date":"2025-11-13T15:19:15","date_gmt":"2025-11-13T14:19:15","guid":{"rendered":"https:\/\/saluxe.eu\/?post_type=product&#038;p=7503523"},"modified":"2026-04-16T11:49:09","modified_gmt":"2026-04-16T09:49:09","slug":"velika-ametistova-geoda-st-4-101-cm","status":"publish","type":"product","link":"https:\/\/saluxe.eu\/sl\/izdelek\/velika-ametistova-geoda-st-4-101-cm\/","title":{"rendered":"Velika ametistova geoda \u0161t. 4 \u2013 101 cm"},"content":{"rendered":"\n<div class=\"wp-block-columns is-layout-flex wp-container-core-columns-is-layout-9d6595d7 wp-block-columns-is-layout-flex\">\n<div class=\"wp-block-column is-layout-flow wp-block-column-is-layout-flow\">\n<p class=\"wp-block-wd-paragraph wd-c435e113\">Velika ametistova geoda \u0161t. 4 je osebno izbrana brazilska ametistna geoda, izbrana zaradi globoko vijoli\u010dne kristalne notranjosti, ne\u017enih rumenih vklju\u010dkov kalcita in elegantne pokon\u010dne oblike. Njena naravno oblikovana notranjost razkriva gosto razporejene kristalne konice, ki se glede na svetlobo prelivajo od bogatih vijoli\u010dnih do mehkej\u0161ih sivkinih tonov.<\/p>\n\n\n\n<p class=\"wp-block-wd-paragraph wd-0225db94\">Svetlej\u0161i robovi kremena in rumenkasti poudarki kalcita ustvarjajo izrazit naravni kontrast, groba zunanja plast bazalta pa dodatno poudari njeno geolo\u0161ko zgradbo in vizualno globino. Postavljena je na minimalisti\u010dno \u010drno kovinsko stojalo, zato deluje hkrati naravno, prefinjeno in prostorsko zelo izrazito.<\/p>\n\n\n\n<p class=\"wp-block-wd-paragraph wd-3c8c35eb\">Z vi\u0161ino 101 cm je \u0161e posebej primerna za ve\u010dje dnevne prostore, poslovne interierje, recepcije, wellness centre, hotele in druge dovr\u0161eno zasnovane ambiente, kjer \u017eelite opazen naravni poudarek. Prejmete to\u010dno ta kos, ki je prikazan na fotografijah, prilo\u017een pa mu je tudi individualno o\u0161tevil\u010den certifikat avtenti\u010dnosti.<\/p>\n<\/div>\n\n\n\n<div class=\"wp-block-column is-layout-flow wp-block-column-is-layout-flow\">\n<h4 class=\"wp-block-heading\"><strong>Podrobnosti o izdelku<\/strong><\/h4>\n\n\n\n<ul class=\"wp-block-wd-list wd-list wd-type-unordered wd-style-default wd-2dfe55d5\">\n<li class=\"wp-block-wd-list-item wd-d2f97a7f\"><div class=\"wd-icon\"><\/div><span class=\"wd-list-content\"><strong>Izvor<\/strong>: Brazilija<\/span><\/li>\n\n\n\n<li class=\"wp-block-wd-list-item wd-775ab572\"><div class=\"wd-icon\"><\/div><span class=\"wd-list-content\"><strong>Barva<\/strong>: Globoko vijoli\u010dna s toplimi rumenkastimi kalcitnimi inkluzijami in svetlimi kremenovimi robovi<\/span><\/li>\n\n\n\n<li class=\"wp-block-wd-list-item wd-9266da3e\"><div class=\"wd-icon\"><\/div><span class=\"wd-list-content\"><strong>Certifikat<\/strong>: Prilo\u017een certifikat pristnosti z unikatno \u0161tevilko<\/span><\/li>\n\n\n\n<li class=\"wp-block-wd-list-item wd-3f3e4291\"><div class=\"wd-icon\"><\/div><span class=\"wd-list-content\"><strong>Razpolo\u017eljivost<\/strong>: Na voljo le en primerek \u2013 prikazan na fotografijah<\/span><\/li>\n<\/ul>\n\n\n\n<p class=\"wp-block-wd-paragraph wd-185e98fc\"><em>Vsak kos iz kolekcije Saluxe je pravi dragulj narave \u2013 certificiran, izbran zaradi svoje lepote in zna\u010daja, ki povzdigne va\u0161 prostor in vsakdanjik.<\/em><\/p>\n<\/div>\n<\/div>\n","protected":false},"excerpt":{"rendered":"<p>Osebno izbrana brazilska ametistna geoda z globoko vijoli\u010dnimi kristali in ne\u017enimi rumenimi vklju\u010dki kalcita. Kot unikaten kos v prostor prina\u0161a mo\u010dno naravno prisotnost, izrazit vizualni poudarek in lepo ravnovesje med surovo strukturo ter prefinjenim videzom.<\/p>\n<ul class=\"product-dsc-checklist\">\n<li>Prejmete to\u010dno ta ametist, ki je prikazan na fotografijah.<\/li>\n<li>Prilo\u017een certifikat pristnosti.<\/li>\n<li>Pre\u010di\u0161\u010den in ugla\u0161en za ob\u010dutek ravnovesja ter harmonije v va\u0161em domu.<\/li>\n<li>Na zahtevo so na voljo dodatne fotografije in zasebni video ogled.<\/li>\n<li>Brezpla\u010dna dostava po vsej EU.<\/li>\n<\/ul>\n","protected":false},"featured_media":7503481,"template":"","meta":[],"product_brand":[],"product_cat":[400123],"product_tag":[],"class_list":{"0":"post-7503523","1":"product","2":"type-product","3":"status-publish","4":"has-post-thumbnail","6":"product_cat-ekskluzivne-geode","8":"first","9":"instock","10":"sold-individually","11":"taxable","12":"shipping-taxable","13":"purchasable","14":"product-type-simple"},"_links":{"self":[{"href":"https:\/\/saluxe.eu\/sl\/wp-json\/wp\/v2\/product\/7503523","targetHints":{"allow":["GET"]}}],"collection":[{"href":"https:\/\/saluxe.eu\/sl\/wp-json\/wp\/v2\/product"}],"about":[{"href":"https:\/\/saluxe.eu\/sl\/wp-json\/wp\/v2\/types\/product"}],"wp:featuredmedia":[{"embeddable":true,"href":"https:\/\/saluxe.eu\/sl\/wp-json\/wp\/v2\/media\/7503481"}],"wp:attachment":[{"href":"https:\/\/saluxe.eu\/sl\/wp-json\/wp\/v2\/media?parent=7503523"}],"wp:term":[{"taxonomy":"product_brand","embeddable":true,"href":"https:\/\/saluxe.eu\/sl\/wp-json\/wp\/v2\/product_brand?post=7503523"},{"taxonomy":"product_cat","embeddable":true,"href":"https:\/\/saluxe.eu\/sl\/wp-json\/wp\/v2\/product_cat?post=7503523"},{"taxonomy":"product_tag","embeddable":true,"href":"https:\/\/saluxe.eu\/sl\/wp-json\/wp\/v2\/product_tag?post=7503523"}],"curies":[{"name":"wp","href":"https:\/\/api.w.org\/{rel}","templated":true}]}}