{"id":7503528,"date":"2025-11-13T16:25:15","date_gmt":"2025-11-13T15:25:15","guid":{"rendered":"https:\/\/saluxe.eu\/?post_type=product&#038;p=7503528"},"modified":"2026-04-16T11:52:35","modified_gmt":"2026-04-16T09:52:35","slug":"velika-ametistova-geoda-st-6-138-cm","status":"publish","type":"product","link":"https:\/\/saluxe.eu\/sl\/izdelek\/velika-ametistova-geoda-st-6-138-cm\/","title":{"rendered":"Velika ametistova geoda \u0161t. 6 \u2013 138 cm"},"content":{"rendered":"\n<div class=\"wp-block-columns is-layout-flex wp-container-core-columns-is-layout-9d6595d7 wp-block-columns-is-layout-flex\">\n<div class=\"wp-block-column is-layout-flow wp-block-column-is-layout-flow\">\n<p class=\"wp-block-wd-paragraph wd-5626e80c\">Velika ametistova geoda \u0161t. 6 je osebno izbrana brazilska ametistna geoda, izbrana zaradi svoje visoke, vitke oblike, elegantne naravne linije in prehoda od ne\u017enih sivkinih do globoko vijoli\u010dnih kristalnih tonov. Njena naravno oblikovana notranjost razkriva drobnej\u0161e, gosto razporejene kristalne konice, ki se glede na svetlobo mehko spreminjajo in ustvarjajo lep ob\u010dutek globine.<\/p>\n\n\n\n<p class=\"wp-block-wd-paragraph wd-a8e66c75\">Svetlej\u0161i robovi kremena in manj\u0161i naravni vklju\u010dki dodatno poudarijo strukturo kosa, medtem ko groba zunanja plast bazalta ohranja njegovo izrazito geolo\u0161ko zgradbo. Postavljena je na minimalisti\u010dno \u010drno kovinsko stojalo, zato v prostoru deluje naravno, prefinjeno in zelo izrazito.<\/p>\n\n\n\n<p class=\"wp-block-wd-paragraph wd-bb23dc51\">Z vi\u0161ino 138 cm je \u0161e posebej primerna za ve\u010dje dnevne prostore, poslovne interierje, recepcije, wellness centre, hotele in druge dovr\u0161eno zasnovane ambiente, kjer \u017eelite opazen naravni poudarek. Prejmete to\u010dno ta kos, ki je prikazan na fotografijah, prilo\u017een pa mu je tudi individualno o\u0161tevil\u010den certifikat avtenti\u010dnosti.<\/p>\n<\/div>\n\n\n\n<div class=\"wp-block-column is-layout-flow wp-block-column-is-layout-flow\">\n<h4 class=\"wp-block-heading\"><strong>Podrobnosti o izdelku<\/strong><\/h4>\n\n\n\n<ul class=\"wp-block-wd-list wd-list wd-type-unordered wd-style-default wd-2ddaec49\">\n<li class=\"wp-block-wd-list-item wd-e8a39ce4\"><div class=\"wd-icon\"><\/div><span class=\"wd-list-content\"><strong>Izvor<\/strong>: Brazilija<\/span><\/li>\n\n\n\n<li class=\"wp-block-wd-list-item wd-f89635a6\"><div class=\"wd-icon\"><\/div><span class=\"wd-list-content\"><strong>Barva<\/strong>: Prelivajo\u010di se odtenki lila in globlje vijoli\u010dne s svetlimi kremenovimi poudarki<\/span><\/li>\n\n\n\n<li class=\"wp-block-wd-list-item wd-1338bf63\"><div class=\"wd-icon\"><\/div><span class=\"wd-list-content\"><strong>Certifikat<\/strong>: Prilo\u017een certifikat pristnosti z unikatno \u0161tevilko<\/span><\/li>\n\n\n\n<li class=\"wp-block-wd-list-item wd-e196029d\"><div class=\"wd-icon\"><\/div><span class=\"wd-list-content\"><strong>Razpolo\u017eljivost<\/strong>: Na voljo le en primerek \u2013 prikazan na fotografijah<\/span><\/li>\n<\/ul>\n\n\n\n<p class=\"wp-block-wd-paragraph wd-cada7bcb\"><em>Vsak kos iz kolekcije Saluxe je pravi dragulj narave \u2013 certificiran, izbran zaradi svoje lepote in zna\u010daja, ki povzdigne va\u0161 prostor in vsakdanjik.<\/em><\/p>\n<\/div>\n<\/div>\n","protected":false},"excerpt":{"rendered":"<p>Osebno izbrana brazilska ametistna geoda z visoko, vitko obliko in prehodom od ne\u017enih sivkinih do globoko vijoli\u010dnih kristalnih tonov. Kot unikaten kos v prostor prina\u0161a mo\u010dno naravno prisotnost, eleganco in izrazit vizualni poudarek.<\/p>\n<ul class=\"product-dsc-checklist\">\n<li>Prejmete to\u010dno ta ametist, ki je prikazan na fotografijah.<\/li>\n<li>Prilo\u017een certifikat pristnosti.<\/li>\n<li>Pre\u010di\u0161\u010den in ugla\u0161en za ob\u010dutek ravnovesja ter harmonije v va\u0161em domu.<\/li>\n<li>Na zahtevo so na voljo dodatne fotografije in zasebni video ogled.<\/li>\n<li>Brezpla\u010dna dostava po vsej EU.<\/li>\n<\/ul>\n","protected":false},"featured_media":7503497,"template":"","meta":[],"product_brand":[],"product_cat":[400123],"product_tag":[],"class_list":{"0":"post-7503528","1":"product","2":"type-product","3":"status-publish","4":"has-post-thumbnail","6":"product_cat-ekskluzivne-geode","8":"first","9":"instock","10":"sold-individually","11":"taxable","12":"shipping-taxable","13":"purchasable","14":"product-type-simple"},"_links":{"self":[{"href":"https:\/\/saluxe.eu\/sl\/wp-json\/wp\/v2\/product\/7503528","targetHints":{"allow":["GET"]}}],"collection":[{"href":"https:\/\/saluxe.eu\/sl\/wp-json\/wp\/v2\/product"}],"about":[{"href":"https:\/\/saluxe.eu\/sl\/wp-json\/wp\/v2\/types\/product"}],"wp:featuredmedia":[{"embeddable":true,"href":"https:\/\/saluxe.eu\/sl\/wp-json\/wp\/v2\/media\/7503497"}],"wp:attachment":[{"href":"https:\/\/saluxe.eu\/sl\/wp-json\/wp\/v2\/media?parent=7503528"}],"wp:term":[{"taxonomy":"product_brand","embeddable":true,"href":"https:\/\/saluxe.eu\/sl\/wp-json\/wp\/v2\/product_brand?post=7503528"},{"taxonomy":"product_cat","embeddable":true,"href":"https:\/\/saluxe.eu\/sl\/wp-json\/wp\/v2\/product_cat?post=7503528"},{"taxonomy":"product_tag","embeddable":true,"href":"https:\/\/saluxe.eu\/sl\/wp-json\/wp\/v2\/product_tag?post=7503528"}],"curies":[{"name":"wp","href":"https:\/\/api.w.org\/{rel}","templated":true}]}}